{"id":990,"date":"2025-06-25T12:17:25","date_gmt":"2025-06-25T12:17:25","guid":{"rendered":"https:\/\/inoxtechnology.hu\/?page_id=990"},"modified":"2025-06-25T12:17:25","modified_gmt":"2025-06-25T12:17:25","slug":"kontakt","status":"publish","type":"page","link":"https:\/\/inoxtechnology.hu\/index.php\/de\/kontakt\/","title":{"rendered":"Kontakt"},"content":{"rendered":"\n  <div class=\"banner has-hover\" id=\"banner-1234395743\">\n          <div class=\"banner-inner fill\">\n        <div class=\"banner-bg fill\" >\n            <img loading=\"lazy\" decoding=\"async\" width=\"2000\" height=\"1000\" src=\"https:\/\/inoxtechnology.hu\/wp-content\/uploads\/2025\/02\/team-engineer-man-working-with-laptop-and-inspecti-2025-01-10-12-43-16-utc.webp\" class=\"bg attachment-original size-original\" alt=\"\" \/>                        <div class=\"overlay\"><\/div>            \n                    <\/div>\n\t\t\n        <div class=\"banner-layers container\">\n            <div class=\"fill banner-link\"><\/div>            \n   <div id=\"text-box-1487339550\" class=\"text-box banner-layer x0 md-x0 lg-x0 y50 md-y50 lg-y50 res-text\">\n                                <div class=\"text-box-content text dark\">\n              \n              <div class=\"text-inner text-left\">\n                  \n<h2 class=\"uppercase\"><strong>Kontakt<\/strong><\/h2>\n\t<div id=\"gap-1062394818\" class=\"gap-element clearfix\" style=\"display:block; height:auto;\">\n\t\t\n<style>\n#gap-1062394818 {\n  padding-top: 15px;\n}\n<\/style>\n\t<\/div>\n\t\n<p>Unsere Kontaktdaten und \u00d6ffnungszeiten<\/p>\n              <\/div>\n           <\/div>\n                            \n<style>\n#text-box-1487339550 {\n  width: 85%;\n}\n#text-box-1487339550 .text-box-content {\n  font-size: 100%;\n}\n@media (min-width:550px) {\n  #text-box-1487339550 {\n    width: 50%;\n  }\n}\n<\/style>\n    <\/div>\n \n        <\/div>\n      <\/div>\n\n            \n<style>\n#banner-1234395743 {\n  padding-top: 300px;\n}\n#banner-1234395743 .overlay {\n  background-color: rgba(0,0,0,.5);\n}\n#banner-1234395743 .banner-bg img {\n  object-position: 86% 68%;\n}\n@media (min-width:550px) {\n  #banner-1234395743 {\n    padding-top: 300px;\n  }\n}\n<\/style>\n  <\/div>\n\n\n\t<div id=\"gap-964971156\" class=\"gap-element clearfix\" style=\"display:block; height:auto;\">\n\t\t\n<style>\n#gap-964971156 {\n  padding-top: 60px;\n}\n<\/style>\n\t<\/div>\n\t\n\n\t<section class=\"section\" id=\"section_2132642085\">\n\t\t<div class=\"section-bg fill\" >\n\t\t\t\t\t\t\t\t\t\n\t\t\t\n\n\t\t<\/div>\n\n\t\t\n\n\t\t<div class=\"section-content relative\">\n\t\t\t\n<div class=\"row\"  id=\"row-2088547312\">\n\n\t<div id=\"col-627902301\" class=\"col medium-6 small-12 large-6\"  >\n\t\t\t\t<div class=\"col-inner\"  >\n\t\t\t\n\t\t\t\n<h3 data-start=\"0\" data-end=\"49\"><strong data-start=\"0\" data-end=\"49\">Kontaktaufnahme mit der INOX Technology GmbH<\/strong><\/h3>\n<p data-start=\"51\" data-end=\"233\">Falls Sie Fragen zu unseren Produkten oder Dienstleistungen haben oder ein Angebot anfordern m\u00f6chten, kontaktieren Sie uns bitte unter den folgenden Kontaktdaten:<\/p>\n<h4 data-start=\"235\" data-end=\"253\"><strong data-start=\"235\" data-end=\"253\">Telefonnummern:<\/strong><\/h4>\n<ul data-start=\"255\" data-end=\"318\">\n<li data-start=\"255\" data-end=\"273\">+36-20\/9-315-313 (M\u00e1rkus G\u00e1bor)<\/li>\n<li data-start=\"274\" data-end=\"292\">+36-70\/4-085-476 (Gesch\u00e4ftsf\u00fchrer, Szkok J\u00f3zsef)<\/li>\n<li data-start=\"293\" data-end=\"318\">+36-20\/9-528-884 (B\u00fcro, L\u00e1szl\u00f3-Brand No\u00e9mi)<\/li>\n<\/ul>\n<h4 data-start=\"320\" data-end=\"337\"><strong data-start=\"320\" data-end=\"337\">E-Mail-Adressen:<\/strong><\/h4>\n<ul data-start=\"339\" data-end=\"393\">\n<li data-start=\"339\" data-end=\"363\"><a rel=\"noopener\" data-start=\"341\" data-end=\"363\">inox@inoxtechnology.hu<\/a><\/li>\n<li data-start=\"364\" data-end=\"393\"><a rel=\"noopener\" data-start=\"366\" data-end=\"393\">inoxtechnologykft@gmail.com<\/a><\/li>\n<\/ul>\n<h4 data-start=\"395\" data-end=\"422\"><strong data-start=\"395\" data-end=\"422\">B\u00fcro und Kundenempfang:<\/strong><\/h4>\n<p data-start=\"424\" data-end=\"466\">8000 Sz\u00e9kesfeh\u00e9rv\u00e1r, R\u00e1ba utca\/K\u00f6r\u00f6si utca<\/p>\n<p data-start=\"468\" data-end=\"548\">(Bei Paketsendungen stimmen Sie bitte vorher unter unserer B\u00fcrotelefonnummer ab!)<\/p>\n<h4 data-start=\"395\" data-end=\"422\"><strong data-start=\"395\" data-end=\"422\">Rechnungsdaten<\/strong><strong data-start=\"395\" data-end=\"422\">:<\/strong><\/h4>\n<p>8000 Sz\u00e9kesfeh\u00e9rv\u00e1r, Kisteleki utca 76.<br \/>Bankkontonummer: UniCredit Bank 10918001-00000047-86050002<\/p>\n<p><strong>Inox Technology GmbH<\/strong><br \/>Steuernummer: 24715825-2-07<\/p>\n\t\t<\/div>\n\t\t\t\t\t<\/div>\n\n\t\n\n\t<div id=\"col-1343954802\" class=\"col medium-6 small-12 large-6\"  >\n\t\t\t\t<div class=\"col-inner\"  >\n\t\t\t\n\t\t\t\n<h4 data-start=\"550\" data-end=\"572\"><strong data-start=\"550\" data-end=\"572\">\u00d6ffnungszeiten:<\/strong><\/h4>\n<ul data-start=\"574\" data-end=\"650\">\n<li data-start=\"574\" data-end=\"603\">Montag\u2013Donnerstag: 8:00\u201316:00<\/li>\n<li data-start=\"604\" data-end=\"624\">Freitag: 8:00\u201315:00<\/li>\n<li data-start=\"625\" data-end=\"650\">Samstag\u2013Sonntag: Geschlossen<\/li>\n<\/ul>\n<p data-start=\"769\" data-end=\"870\">Bei Fragen oder Anfragen stehen wir Ihnen gerne unter den oben genannten Kontaktdaten zur Verf\u00fcgung.<\/p>\n\t\t<\/div>\n\t\t\t\t\t<\/div>\n\n\t\n<\/div>\n\t\t<\/div>\n\n\t\t\n<style>\n#section_2132642085 {\n  padding-top: 20px 0px 0px 0px;\n  padding-bottom: 20px 0px 0px 0px;\n}\n<\/style>\n\t<\/section>\n\t\n\t<div id=\"gap-514333278\" class=\"gap-element clearfix\" style=\"display:block; height:auto;\">\n\t\t\n<style>\n#gap-514333278 {\n  padding-top: 60px;\n}\n<\/style>\n\t<\/div>\n\t\n","protected":false},"excerpt":{"rendered":"","protected":false},"author":1,"featured_media":0,"parent":0,"menu_order":0,"comment_status":"closed","ping_status":"closed","template":"page-blank.php","meta":{"footnotes":""},"class_list":["post-990","page","type-page","status-publish","hentry"],"_links":{"self":[{"href":"https:\/\/inoxtechnology.hu\/index.php\/wp-json\/wp\/v2\/pages\/990","targetHints":{"allow":["GET"]}}],"collection":[{"href":"https:\/\/inoxtechnology.hu\/index.php\/wp-json\/wp\/v2\/pages"}],"about":[{"href":"https:\/\/inoxtechnology.hu\/index.php\/wp-json\/wp\/v2\/types\/page"}],"author":[{"embeddable":true,"href":"https:\/\/inoxtechnology.hu\/index.php\/wp-json\/wp\/v2\/users\/1"}],"replies":[{"embeddable":true,"href":"https:\/\/inoxtechnology.hu\/index.php\/wp-json\/wp\/v2\/comments?post=990"}],"version-history":[{"count":1,"href":"https:\/\/inoxtechnology.hu\/index.php\/wp-json\/wp\/v2\/pages\/990\/revisions"}],"predecessor-version":[{"id":1000,"href":"https:\/\/inoxtechnology.hu\/index.php\/wp-json\/wp\/v2\/pages\/990\/revisions\/1000"}],"wp:attachment":[{"href":"https:\/\/inoxtechnology.hu\/index.php\/wp-json\/wp\/v2\/media?parent=990"}],"curies":[{"name":"wp","href":"https:\/\/api.w.org\/{rel}","templated":true}]}}