{"id":989,"date":"2025-06-25T12:18:51","date_gmt":"2025-06-25T12:18:51","guid":{"rendered":"https:\/\/inoxtechnology.hu\/?page_id=989"},"modified":"2025-06-25T12:19:37","modified_gmt":"2025-06-25T12:19:37","slug":"industrielle-gebaeudetechnik","status":"publish","type":"page","link":"https:\/\/inoxtechnology.hu\/index.php\/de\/industrielle-gebaeudetechnik\/","title":{"rendered":"Industrielle Geb\u00e4udetechnik"},"content":{"rendered":"\n  <div class=\"banner has-hover\" id=\"banner-1519374820\">\n          <div class=\"banner-inner fill\">\n        <div class=\"banner-bg fill\" >\n            <img loading=\"lazy\" decoding=\"async\" width=\"1421\" height=\"470\" src=\"https:\/\/inoxtechnology.hu\/wp-content\/uploads\/2024\/12\/felulrol.jpg\" class=\"bg attachment-original size-original\" alt=\"\" \/>                        <div class=\"overlay\"><\/div>            \n                    <\/div>\n\t\t\n        <div class=\"banner-layers container\">\n            <div class=\"fill banner-link\"><\/div>            \n   <div id=\"text-box-370544677\" class=\"text-box banner-layer x10 md-x10 lg-x0 y50 md-y50 lg-y50 res-text\">\n                                <div class=\"text-box-content text dark\">\n              \n              <div class=\"text-inner text-left\">\n                  \n<h2 class=\"uppercase\">Industrielle Geb\u00e4udetechnik<\/h2>\n              <\/div>\n           <\/div>\n                            \n<style>\n#text-box-370544677 {\n  width: 85%;\n}\n#text-box-370544677 .text-box-content {\n  font-size: 100%;\n}\n@media (min-width:550px) {\n  #text-box-370544677 {\n    width: 56%;\n  }\n}\n@media (min-width:850px) {\n  #text-box-370544677 {\n    width: 52%;\n  }\n}\n<\/style>\n    <\/div>\n \n        <\/div>\n      <\/div>\n\n            \n<style>\n#banner-1519374820 {\n  padding-top: 300px;\n}\n#banner-1519374820 .overlay {\n  background-color: rgba(0,0,0,.5);\n}\n#banner-1519374820 .banner-bg img {\n  object-position: 86% 76%;\n}\n@media (min-width:550px) {\n  #banner-1519374820 {\n    padding-top: 300px;\n  }\n}\n<\/style>\n  <\/div>\n\n\n\t<div id=\"gap-1878891763\" class=\"gap-element clearfix\" style=\"display:block; height:auto;\">\n\t\t\n<style>\n#gap-1878891763 {\n  padding-top: 90px;\n}\n<\/style>\n\t<\/div>\n\t\n\n\t<section class=\"section\" id=\"section_45244307\">\n\t\t<div class=\"section-bg fill\" >\n\t\t\t\t\t\t\t\t\t\n\t\t\t\n\n\t\t<\/div>\n\n\t\t\n\n\t\t<div class=\"section-content relative\">\n\t\t\t\n<div class=\"row\"  id=\"row-1835770466\">\n\n\t<div id=\"col-1284477431\" class=\"col medium-6 small-12 large-6\"  >\n\t\t\t\t<div class=\"col-inner\"  >\n\t\t\t\n\t\t\t\n\t<div id=\"text-3573091252\" class=\"text\">\n\t\t\n<h3>\u00dcberblick \u00fcber unsere industriellen Geb\u00e4udetechnik-Dienstleistungen<\/h3>\n<p>Die INOX Technology Kft. bietet auch im Bereich der industriellen Geb\u00e4udetechnik hochwertige Dienstleistungen an, insbesondere bei der Planung und Ausf\u00fchrung von Heiztechniksystemen f\u00fcr Industriehallen. Unser Unternehmen \u00fcbernimmt die Installation und den Austausch von Dunkelstrahlern und Warmluftheizger\u00e4ten sowie die Herstellung und Installation ihrer Tragkonstruktionen und gew\u00e4hrleistet dadurch effiziente und zuverl\u00e4ssige Heizl\u00f6sungen f\u00fcr unsere Kunden.<\/p>\n\t\t\n<style>\n#text-3573091252 {\n  font-size: 1.25rem;\n}\n<\/style>\n\t<\/div>\n\t\n\t<div id=\"gap-912762901\" class=\"gap-element clearfix\" style=\"display:block; height:auto;\">\n\t\t\n<style>\n#gap-912762901 {\n  padding-top: 30px;\n}\n<\/style>\n\t<\/div>\n\t\n\t\t<\/div>\n\t\t\t\t\t<\/div>\n\n\t\n\n\t<div id=\"col-628251626\" class=\"col medium-6 small-12 large-6 small-col-first\"  >\n\t\t\t\t<div class=\"col-inner\"  >\n\t\t\t\n\t\t\t\n\n  <div class=\"banner has-hover fancy-banner-right\" id=\"banner-1068108026\">\n          <div class=\"banner-inner fill\">\n        <div class=\"banner-bg fill\" >\n            <img loading=\"lazy\" decoding=\"async\" width=\"2000\" height=\"1333\" src=\"https:\/\/inoxtechnology.hu\/wp-content\/uploads\/2025\/02\/office-table-with-cellphone-supplies-and-coffee-o-2023-11-27-04-57-53-utc.webp\" class=\"bg attachment-original size-original\" alt=\"\" \/>                                    \n                    <\/div>\n\t\t\n        <div class=\"banner-layers container\">\n            <div class=\"fill banner-link\"><\/div>            \n   <div id=\"text-box-1107191215\" class=\"text-box banner-layer x50 md-x50 lg-x50 y50 md-y50 lg-y50 res-text\">\n                                <div class=\"text-box-content text dark\">\n              \n              <div class=\"text-inner text-center\">\n                  \n              <\/div>\n           <\/div>\n                            \n<style>\n#text-box-1107191215 {\n  width: 60%;\n}\n#text-box-1107191215 .text-box-content {\n  font-size: 100%;\n}\n@media (min-width:550px) {\n  #text-box-1107191215 {\n    width: 60%;\n  }\n}\n<\/style>\n    <\/div>\n \n        <\/div>\n      <\/div>\n\n            \n<style>\n#banner-1068108026 {\n  padding-top: 340px;\n  background-color: rgb(255,255,255);\n}\n#banner-1068108026 .banner-bg img {\n  object-position: 48% 66%;\n}\n<\/style>\n  <\/div>\n\n\n\t\t<\/div>\n\t\t\t\t\n<style>\n#col-628251626 > .col-inner {\n  padding: 0px 0px 0px 60px;\n}\n<\/style>\n\t<\/div>\n\n\t\n<\/div>\n\t<div id=\"gap-752862502\" class=\"gap-element clearfix\" style=\"display:block; height:auto;\">\n\t\t\n<style>\n#gap-752862502 {\n  padding-top: 30px;\n}\n<\/style>\n\t<\/div>\n\t\n<div class=\"row\"  id=\"row-1006287226\">\n\n\t<div id=\"col-1774391516\" class=\"col medium-6 small-12 large-6\"  >\n\t\t\t\t<div class=\"col-inner\"  >\n\t\t\t\n\t\t\t\n\n  <div class=\"banner has-hover fancy-banner-right\" id=\"banner-1835219284\">\n          <div class=\"banner-inner fill\">\n        <div class=\"banner-bg fill\" >\n            <img loading=\"lazy\" decoding=\"async\" width=\"2000\" height=\"1000\" src=\"https:\/\/inoxtechnology.hu\/wp-content\/uploads\/2025\/02\/team-engineer-man-working-with-laptop-and-inspecti-2025-01-10-12-43-16-utc.webp\" class=\"bg attachment-original size-original\" alt=\"\" \/>                                    \n                    <\/div>\n\t\t\n        <div class=\"banner-layers container\">\n            <div class=\"fill banner-link\"><\/div>            \n   <div id=\"text-box-722448124\" class=\"text-box banner-layer x50 md-x50 lg-x50 y50 md-y50 lg-y50 res-text\">\n                                <div class=\"text-box-content text dark\">\n              \n              <div class=\"text-inner text-center\">\n                  \n              <\/div>\n           <\/div>\n                            \n<style>\n#text-box-722448124 {\n  width: 60%;\n}\n#text-box-722448124 .text-box-content {\n  font-size: 100%;\n}\n@media (min-width:550px) {\n  #text-box-722448124 {\n    width: 60%;\n  }\n}\n<\/style>\n    <\/div>\n \n        <\/div>\n      <\/div>\n\n            \n<style>\n#banner-1835219284 {\n  padding-top: 340px;\n  background-color: rgb(255,255,255);\n}\n#banner-1835219284 .banner-bg img {\n  object-position: 44% 67%;\n}\n<\/style>\n  <\/div>\n\n\n\t\t<\/div>\n\t\t\t\t\n<style>\n#col-1774391516 > .col-inner {\n  padding: 0px 60px 0px 0px;\n}\n<\/style>\n\t<\/div>\n\n\t\n\n\t<div id=\"col-1031989651\" class=\"col medium-6 small-12 large-6\"  >\n\t\t\t\t<div class=\"col-inner\"  >\n\t\t\t\n\t\t\t\n\t<div id=\"text-2917750316\" class=\"text\">\n\t\t\n<h3>Schwei\u00dftechnologien und Herstellung von Kohlenstoffstahl-Produkten<\/h3>\n<p>Unsere technologische Kapazit\u00e4t erm\u00f6glicht die Anwendung verschiedener Schwei\u00dfverfahren wie MIG, TIG, AVI und AFI, auch in Form von zertifiziertem Schwei\u00dfen. Dar\u00fcber hinaus \u00fcbernehmen wir die Herstellung von Kohlenstoffstahl-Produkten mit CO2-Schutzgas- und Elektrodenschwei\u00dfverfahren, auch mit Vor-Ort-Ausf\u00fchrung.<\/p>\n\t\t\n<style>\n#text-2917750316 {\n  font-size: 1.25rem;\n}\n<\/style>\n\t<\/div>\n\t\n\t<div id=\"gap-2103826675\" class=\"gap-element clearfix\" style=\"display:block; height:auto;\">\n\t\t\n<style>\n#gap-2103826675 {\n  padding-top: 30px;\n}\n<\/style>\n\t<\/div>\n\t\n\t\t<\/div>\n\t\t\t\t\t<\/div>\n\n\t\n<\/div>\n\t<div id=\"gap-2001704486\" class=\"gap-element clearfix\" style=\"display:block; height:auto;\">\n\t\t\n<style>\n#gap-2001704486 {\n  padding-top: 30px;\n}\n<\/style>\n\t<\/div>\n\t\n<div class=\"row\"  id=\"row-798150265\">\n\n\t<div id=\"col-1915040290\" class=\"col medium-6 small-12 large-6\"  >\n\t\t\t\t<div class=\"col-inner\"  >\n\t\t\t\n\t\t\t\n\t<div id=\"text-1031778695\" class=\"text\">\n\t\t\n<h3>Kundenorientierte L\u00f6sungen und flexible Betreuung<\/h3>\n<p>Unser Unternehmen ist der schnellen und pr\u00e4zisen Betreuung verpflichtet und passt sich flexibel an die Bed\u00fcrfnisse und Termine unserer Partner an. Durch unsere kundenorientierten L\u00f6sungen bieten wir individuelle und ma\u00dfgeschneiderte Produkte, die den speziellen Anforderungen entsprechen und zum Erfolg unserer Partner beitragen.<\/p>\n\t\t\n<style>\n#text-1031778695 {\n  font-size: 1.25rem;\n}\n<\/style>\n\t<\/div>\n\t\n\t<div id=\"gap-300864161\" class=\"gap-element clearfix\" style=\"display:block; height:auto;\">\n\t\t\n<style>\n#gap-300864161 {\n  padding-top: 30px;\n}\n<\/style>\n\t<\/div>\n\t\n\t\t<\/div>\n\t\t\t\t\t<\/div>\n\n\t\n\n\t<div id=\"col-1955925\" class=\"col medium-6 small-12 large-6 small-col-first\"  >\n\t\t\t\t<div class=\"col-inner\"  >\n\t\t\t\n\t\t\t\n\n  <div class=\"banner has-hover fancy-banner-right\" id=\"banner-786952766\">\n          <div class=\"banner-inner fill\">\n        <div class=\"banner-bg fill\" >\n            <img loading=\"lazy\" decoding=\"async\" width=\"2000\" height=\"1333\" src=\"https:\/\/inoxtechnology.hu\/wp-content\/uploads\/2025\/02\/construction-workers-working-on-construction-machi-2025-01-10-04-26-21-utc.webp\" class=\"bg attachment-original size-original\" alt=\"\" \/>                                    \n                    <\/div>\n\t\t\n        <div class=\"banner-layers container\">\n            <div class=\"fill banner-link\"><\/div>            \n   <div id=\"text-box-2056250255\" class=\"text-box banner-layer x50 md-x50 lg-x50 y50 md-y50 lg-y50 res-text\">\n                                <div class=\"text-box-content text dark\">\n              \n              <div class=\"text-inner text-center\">\n                  \n              <\/div>\n           <\/div>\n                            \n<style>\n#text-box-2056250255 {\n  width: 60%;\n}\n#text-box-2056250255 .text-box-content {\n  font-size: 100%;\n}\n@media (min-width:550px) {\n  #text-box-2056250255 {\n    width: 60%;\n  }\n}\n<\/style>\n    <\/div>\n \n        <\/div>\n      <\/div>\n\n            \n<style>\n#banner-786952766 {\n  padding-top: 340px;\n  background-color: rgb(255,255,255);\n}\n#banner-786952766 .banner-bg img {\n  object-position: 76% 100%;\n}\n<\/style>\n  <\/div>\n\n\n\t\t<\/div>\n\t\t\t\t\n<style>\n#col-1955925 > .col-inner {\n  padding: 0px 0px 0px 60px;\n}\n<\/style>\n\t<\/div>\n\n\t\n<\/div>\n\t<div id=\"gap-1218676827\" class=\"gap-element clearfix\" style=\"display:block; height:auto;\">\n\t\t\n<style>\n#gap-1218676827 {\n  padding-top: 30px;\n}\n<\/style>\n\t<\/div>\n\t\n<div class=\"row\"  id=\"row-1330534177\">\n\n\t<div id=\"col-444053574\" class=\"col medium-6 small-12 large-6\"  >\n\t\t\t\t<div class=\"col-inner\"  >\n\t\t\t\n\t\t\t\n\n  <div class=\"banner has-hover fancy-banner-right\" id=\"banner-583666688\">\n          <div class=\"banner-inner fill\">\n        <div class=\"banner-bg fill\" >\n            <img loading=\"lazy\" decoding=\"async\" width=\"2000\" height=\"1333\" src=\"https:\/\/inoxtechnology.hu\/wp-content\/uploads\/2025\/02\/professional-business-team-meeting-in-formal-suits-2024-05-10-23-46-35-utc.webp\" class=\"bg attachment-original size-original\" alt=\"\" \/>                                    \n                    <\/div>\n\t\t\n        <div class=\"banner-layers container\">\n            <div class=\"fill banner-link\"><\/div>            \n   <div id=\"text-box-1389908608\" class=\"text-box banner-layer x50 md-x50 lg-x50 y50 md-y50 lg-y50 res-text\">\n                                <div class=\"text-box-content text dark\">\n              \n              <div class=\"text-inner text-center\">\n                  \n              <\/div>\n           <\/div>\n                            \n<style>\n#text-box-1389908608 {\n  width: 60%;\n}\n#text-box-1389908608 .text-box-content {\n  font-size: 100%;\n}\n@media (min-width:550px) {\n  #text-box-1389908608 {\n    width: 60%;\n  }\n}\n<\/style>\n    <\/div>\n \n        <\/div>\n      <\/div>\n\n            \n<style>\n#banner-583666688 {\n  padding-top: 340px;\n  background-color: rgb(255,255,255);\n}\n#banner-583666688 .banner-bg img {\n  object-position: 83% 39%;\n}\n<\/style>\n  <\/div>\n\n\n\t\t<\/div>\n\t\t\t\t\n<style>\n#col-444053574 > .col-inner {\n  padding: 0px 60px 0px 0px;\n}\n<\/style>\n\t<\/div>\n\n\t\n\n\t<div id=\"col-1933380807\" class=\"col medium-6 small-12 large-6\"  >\n\t\t\t\t<div class=\"col-inner\"  >\n\t\t\t\n\t\t\t\n\t<div id=\"text-3696682830\" class=\"text\">\n\t\t\n<h3>Kontaktieren Sie uns f\u00fcr Ihre industriellen Geb\u00e4udetechnik-Bed\u00fcrfnisse<\/h3>\n<p>Wenn Sie zuverl\u00e4ssige und hochwertige industrielle Geb\u00e4udetechnik-L\u00f6sungen ben\u00f6tigen, ist die INOX Technology Kft. die richtige Wahl. Kontaktieren Sie uns, damit wir gemeinsam Ihre Vorstellungen verwirklichen k\u00f6nnen.<\/p>\n\t\t\n<style>\n#text-3696682830 {\n  font-size: 1.25rem;\n}\n<\/style>\n\t<\/div>\n\t\n\t<div id=\"gap-664077320\" class=\"gap-element clearfix\" style=\"display:block; height:auto;\">\n\t\t\n<style>\n#gap-664077320 {\n  padding-top: 30px;\n}\n<\/style>\n\t<\/div>\n\t\n\t\t<\/div>\n\t\t\t\t\t<\/div>\n\n\t\n<\/div>\n\t<div id=\"gap-1766625761\" class=\"gap-element clearfix\" style=\"display:block; height:auto;\">\n\t\t\n<style>\n#gap-1766625761 {\n  padding-top: 30px;\n}\n<\/style>\n\t<\/div>\n\t\n\t<div id=\"gap-454694309\" class=\"gap-element clearfix\" style=\"display:block; height:auto;\">\n\t\t\n<style>\n#gap-454694309 {\n  padding-top: 30px;\n}\n<\/style>\n\t<\/div>\n\t\n\t<div id=\"gap-267835565\" class=\"gap-element clearfix\" style=\"display:block; height:auto;\">\n\t\t\n<style>\n#gap-267835565 {\n  padding-top: 30px;\n}\n<\/style>\n\t<\/div>\n\t\n\t\t<\/div>\n\n\t\t\n<style>\n#section_45244307 {\n  padding-top: 0px;\n  padding-bottom: 0px;\n}\n<\/style>\n\t<\/section>\n\t\n\n","protected":false},"excerpt":{"rendered":"","protected":false},"author":1,"featured_media":0,"parent":0,"menu_order":0,"comment_status":"closed","ping_status":"closed","template":"page-blank.php","meta":{"footnotes":""},"class_list":["post-989","page","type-page","status-publish","hentry"],"_links":{"self":[{"href":"https:\/\/inoxtechnology.hu\/index.php\/wp-json\/wp\/v2\/pages\/989","targetHints":{"allow":["GET"]}}],"collection":[{"href":"https:\/\/inoxtechnology.hu\/index.php\/wp-json\/wp\/v2\/pages"}],"about":[{"href":"https:\/\/inoxtechnology.hu\/index.php\/wp-json\/wp\/v2\/types\/page"}],"author":[{"embeddable":true,"href":"https:\/\/inoxtechnology.hu\/index.php\/wp-json\/wp\/v2\/users\/1"}],"replies":[{"embeddable":true,"href":"https:\/\/inoxtechnology.hu\/index.php\/wp-json\/wp\/v2\/comments?post=989"}],"version-history":[{"count":2,"href":"https:\/\/inoxtechnology.hu\/index.php\/wp-json\/wp\/v2\/pages\/989\/revisions"}],"predecessor-version":[{"id":1003,"href":"https:\/\/inoxtechnology.hu\/index.php\/wp-json\/wp\/v2\/pages\/989\/revisions\/1003"}],"wp:attachment":[{"href":"https:\/\/inoxtechnology.hu\/index.php\/wp-json\/wp\/v2\/media?parent=989"}],"curies":[{"name":"wp","href":"https:\/\/api.w.org\/{rel}","templated":true}]}}