{"id":986,"date":"2025-06-25T12:12:37","date_gmt":"2025-06-25T12:12:37","guid":{"rendered":"https:\/\/inoxtechnology.hu\/?page_id=986"},"modified":"2025-06-25T12:14:41","modified_gmt":"2025-06-25T12:14:41","slug":"metallteile-fertigung","status":"publish","type":"page","link":"https:\/\/inoxtechnology.hu\/index.php\/de\/metallteile-fertigung\/","title":{"rendered":"Metallteile-Fertigung"},"content":{"rendered":"\n  <div class=\"banner has-hover\" id=\"banner-1271725335\">\n          <div class=\"banner-inner fill\">\n        <div class=\"banner-bg fill\" >\n            <img loading=\"lazy\" decoding=\"async\" width=\"2000\" height=\"1368\" src=\"https:\/\/inoxtechnology.hu\/wp-content\/uploads\/2025\/02\/a-female-machinist-operates-a-lathe-in-a-workshop-2024-09-13-13-39-18-utc.webp\" class=\"bg attachment-original size-original\" alt=\"\" \/>                        <div class=\"overlay\"><\/div>            \n                    <\/div>\n\t\t\n        <div class=\"banner-layers container\">\n            <div class=\"fill banner-link\"><\/div>            \n   <div id=\"text-box-1474384473\" class=\"text-box banner-layer x10 md-x10 lg-x0 y50 md-y50 lg-y50 res-text\">\n                                <div class=\"text-box-content text dark\">\n              \n              <div class=\"text-inner text-left\">\n                  \n<h2 class=\"uppercase\">Metallteile-Fertigung<\/h2>\n\t<div id=\"gap-444238336\" class=\"gap-element clearfix\" style=\"display:block; height:auto;\">\n\t\t\n<style>\n#gap-444238336 {\n  padding-top: 15px;\n}\n<\/style>\n\t<\/div>\n\t\n              <\/div>\n           <\/div>\n                            \n<style>\n#text-box-1474384473 {\n  width: 85%;\n}\n#text-box-1474384473 .text-box-content {\n  font-size: 100%;\n}\n@media (min-width:550px) {\n  #text-box-1474384473 {\n    width: 56%;\n  }\n}\n@media (min-width:850px) {\n  #text-box-1474384473 {\n    width: 56%;\n  }\n}\n<\/style>\n    <\/div>\n \n        <\/div>\n      <\/div>\n\n            \n<style>\n#banner-1271725335 {\n  padding-top: 300px;\n}\n#banner-1271725335 .overlay {\n  background-color: rgba(0,0,0,.5);\n}\n#banner-1271725335 .banner-bg img {\n  object-position: 42% 69%;\n}\n@media (min-width:550px) {\n  #banner-1271725335 {\n    padding-top: 300px;\n  }\n}\n<\/style>\n  <\/div>\n\n\n\t<div id=\"gap-2041507759\" class=\"gap-element clearfix\" style=\"display:block; height:auto;\">\n\t\t\n<style>\n#gap-2041507759 {\n  padding-top: 90px;\n}\n<\/style>\n\t<\/div>\n\t\n\n\t<section class=\"section\" id=\"section_379989034\">\n\t\t<div class=\"section-bg fill\" >\n\t\t\t\t\t\t\t\t\t\n\t\t\t\n\n\t\t<\/div>\n\n\t\t\n\n\t\t<div class=\"section-content relative\">\n\t\t\t\n<div class=\"row\"  id=\"row-91491830\">\n\n\t<div id=\"col-1556224897\" class=\"col medium-6 small-12 large-6\"  >\n\t\t\t\t<div class=\"col-inner\"  >\n\t\t\t\n\t\t\t\n\t<div id=\"text-308968659\" class=\"text\">\n\t\t\n<p>Die INOX Technology GmbH bietet auch hervorragende Dienstleistungen im Bereich der Metallteile-Fertigung, mit besonderem Fokus auf Produkte aus rostfreiem und s\u00e4urebest\u00e4ndigem Stahl. Unser Unternehmen \u00fcbernimmt die Planung, Fertigung und Installation von individuellen und seriengefertigten Metallteilen und gew\u00e4hrleistet dabei hohe Qualit\u00e4t und Zuverl\u00e4ssigkeit f\u00fcr unsere Kunden.<\/p>\n\t\t\n<style>\n#text-308968659 {\n  font-size: 1.25rem;\n}\n<\/style>\n\t<\/div>\n\t\n\t<div id=\"gap-793578567\" class=\"gap-element clearfix\" style=\"display:block; height:auto;\">\n\t\t\n<style>\n#gap-793578567 {\n  padding-top: 30px;\n}\n<\/style>\n\t<\/div>\n\t\n\t\t<\/div>\n\t\t\t\t\t<\/div>\n\n\t\n\n\t<div id=\"col-660578754\" class=\"col medium-6 small-12 large-6 small-col-first\"  >\n\t\t\t\t<div class=\"col-inner\"  >\n\t\t\t\n\t\t\t\n\n  <div class=\"banner has-hover fancy-banner-right\" id=\"banner-1025287513\">\n          <div class=\"banner-inner fill\">\n        <div class=\"banner-bg fill\" >\n            <img loading=\"lazy\" decoding=\"async\" width=\"2000\" height=\"1368\" src=\"https:\/\/inoxtechnology.hu\/wp-content\/uploads\/2025\/02\/a-female-machinist-operates-a-lathe-in-a-workshop-2024-09-13-13-39-18-utc.webp\" class=\"bg attachment-original size-original\" alt=\"\" \/>                                    \n                    <\/div>\n\t\t\n        <div class=\"banner-layers container\">\n            <div class=\"fill banner-link\"><\/div>            \n   <div id=\"text-box-1797245657\" class=\"text-box banner-layer x50 md-x50 lg-x50 y50 md-y50 lg-y50 res-text\">\n                                <div class=\"text-box-content text dark\">\n              \n              <div class=\"text-inner text-center\">\n                  \n              <\/div>\n           <\/div>\n                            \n<style>\n#text-box-1797245657 {\n  width: 60%;\n}\n#text-box-1797245657 .text-box-content {\n  font-size: 100%;\n}\n@media (min-width:550px) {\n  #text-box-1797245657 {\n    width: 60%;\n  }\n}\n<\/style>\n    <\/div>\n \n        <\/div>\n      <\/div>\n\n            \n<style>\n#banner-1025287513 {\n  padding-top: 340px;\n  background-color: rgb(255,255,255);\n}\n#banner-1025287513 .banner-bg img {\n  object-position: 61% 100%;\n}\n<\/style>\n  <\/div>\n\n\n\t\t<\/div>\n\t\t\t\t\n<style>\n#col-660578754 > .col-inner {\n  padding: 0px 0px 0px 60px;\n}\n<\/style>\n\t<\/div>\n\n\t\n<\/div>\n\t<div id=\"gap-1455723514\" class=\"gap-element clearfix\" style=\"display:block; height:auto;\">\n\t\t\n<style>\n#gap-1455723514 {\n  padding-top: 30px;\n}\n<\/style>\n\t<\/div>\n\t\n<div class=\"row\"  id=\"row-195321387\">\n\n\t<div id=\"col-343125234\" class=\"col medium-6 small-12 large-6\"  >\n\t\t\t\t<div class=\"col-inner\"  >\n\t\t\t\n\t\t\t\n\n  <div class=\"banner has-hover fancy-banner-right\" id=\"banner-1269686288\">\n          <div class=\"banner-inner fill\">\n        <div class=\"banner-bg fill\" >\n            <img loading=\"lazy\" decoding=\"async\" width=\"2000\" height=\"1370\" src=\"https:\/\/inoxtechnology.hu\/wp-content\/uploads\/2025\/02\/factory-worker-man-work-with-the-machine-and-look-2023-11-27-04-51-15-utc.webp\" class=\"bg attachment-original size-original\" alt=\"\" \/>                                    \n                    <\/div>\n\t\t\n        <div class=\"banner-layers container\">\n            <div class=\"fill banner-link\"><\/div>            \n   <div id=\"text-box-234351733\" class=\"text-box banner-layer x50 md-x50 lg-x50 y50 md-y50 lg-y50 res-text\">\n                                <div class=\"text-box-content text dark\">\n              \n              <div class=\"text-inner text-center\">\n                  \n              <\/div>\n           <\/div>\n                            \n<style>\n#text-box-234351733 {\n  width: 60%;\n}\n#text-box-234351733 .text-box-content {\n  font-size: 100%;\n}\n@media (min-width:550px) {\n  #text-box-234351733 {\n    width: 60%;\n  }\n}\n<\/style>\n    <\/div>\n \n        <\/div>\n      <\/div>\n\n            \n<style>\n#banner-1269686288 {\n  padding-top: 340px;\n  background-color: rgb(255,255,255);\n}\n#banner-1269686288 .banner-bg img {\n  object-position: 62% 86%;\n}\n<\/style>\n  <\/div>\n\n\n\t\t<\/div>\n\t\t\t\t\n<style>\n#col-343125234 > .col-inner {\n  padding: 0px 60px 0px 0px;\n}\n<\/style>\n\t<\/div>\n\n\t\n\n\t<div id=\"col-1786722702\" class=\"col medium-6 small-12 large-6\"  >\n\t\t\t\t<div class=\"col-inner\"  >\n\t\t\t\n\t\t\t\n\t<div id=\"text-1545353481\" class=\"text\">\n\t\t\n<h3>Verschiedene Schwei\u00dfverfahren und technologische Kapazit\u00e4t<\/h3>\n<p>Unsere technologische Kapazit\u00e4t erm\u00f6glicht die Anwendung verschiedener Schwei\u00dfverfahren, wie zum Beispiel MIG, TIG, AVI und AFI, auch in Form von zertifiziertem Schwei\u00dfen. Dar\u00fcber hinaus \u00fcbernehmen wir auch die Fertigung von Kohlenstoffstahl-Produkten mit CO2-Schutzgas- und Elektrodenschwei\u00dfverfahren, auch mit Vor-Ort-Ausf\u00fchrung.<\/p>\n\t\t\n<style>\n#text-1545353481 {\n  font-size: 1.25rem;\n}\n<\/style>\n\t<\/div>\n\t\n\t<div id=\"gap-1499551400\" class=\"gap-element clearfix\" style=\"display:block; height:auto;\">\n\t\t\n<style>\n#gap-1499551400 {\n  padding-top: 30px;\n}\n<\/style>\n\t<\/div>\n\t\n\t\t<\/div>\n\t\t\t\t\t<\/div>\n\n\t\n<\/div>\n\t<div id=\"gap-1867134457\" class=\"gap-element clearfix\" style=\"display:block; height:auto;\">\n\t\t\n<style>\n#gap-1867134457 {\n  padding-top: 30px;\n}\n<\/style>\n\t<\/div>\n\t\n<div class=\"row\"  id=\"row-895884596\">\n\n\t<div id=\"col-1090409765\" class=\"col medium-6 small-12 large-6\"  >\n\t\t\t\t<div class=\"col-inner\"  >\n\t\t\t\n\t\t\t\n\t<div id=\"text-2027610985\" class=\"text\">\n\t\t\n<h3>Schneller und pr\u00e4ziser Service mit kundenorientierten L\u00f6sungen<\/h3>\n<p>Unser Unternehmen ist dem schnellen und pr\u00e4zisen Service verpflichtet und passt sich flexibel an die Bed\u00fcrfnisse und Termine unserer Partner an. Durch unsere kundenorientierten L\u00f6sungen bieten wir einzigartige und ma\u00dfgeschneiderte Produkte, die besonderen Anforderungen entsprechen und zum Erfolg unserer Partner beitragen.<\/p>\n\t\t\n<style>\n#text-2027610985 {\n  font-size: 1.25rem;\n}\n<\/style>\n\t<\/div>\n\t\n\t<div id=\"gap-1664367255\" class=\"gap-element clearfix\" style=\"display:block; height:auto;\">\n\t\t\n<style>\n#gap-1664367255 {\n  padding-top: 30px;\n}\n<\/style>\n\t<\/div>\n\t\n\t\t<\/div>\n\t\t\t\t\t<\/div>\n\n\t\n\n\t<div id=\"col-946129233\" class=\"col medium-6 small-12 large-6 small-col-first\"  >\n\t\t\t\t<div class=\"col-inner\"  >\n\t\t\t\n\t\t\t\n\n  <div class=\"banner has-hover fancy-banner-right\" id=\"banner-771136061\">\n          <div class=\"banner-inner fill\">\n        <div class=\"banner-bg fill\" >\n            <img loading=\"lazy\" decoding=\"async\" width=\"812\" height=\"739\" src=\"https:\/\/inoxtechnology.hu\/wp-content\/uploads\/2024\/12\/pakole-1.jpg\" class=\"bg attachment-original size-original\" alt=\"\" \/>                                    \n                    <\/div>\n\t\t\n        <div class=\"banner-layers container\">\n            <div class=\"fill banner-link\"><\/div>            \n   <div id=\"text-box-347212212\" class=\"text-box banner-layer x50 md-x50 lg-x50 y50 md-y50 lg-y50 res-text\">\n                                <div class=\"text-box-content text dark\">\n              \n              <div class=\"text-inner text-center\">\n                  \n              <\/div>\n           <\/div>\n                            \n<style>\n#text-box-347212212 {\n  width: 60%;\n}\n#text-box-347212212 .text-box-content {\n  font-size: 100%;\n}\n@media (min-width:550px) {\n  #text-box-347212212 {\n    width: 60%;\n  }\n}\n<\/style>\n    <\/div>\n \n        <\/div>\n      <\/div>\n\n            \n<style>\n#banner-771136061 {\n  padding-top: 340px;\n  background-color: rgb(255,255,255);\n}\n#banner-771136061 .banner-bg img {\n  object-position: 74% 70%;\n}\n<\/style>\n  <\/div>\n\n\n\t\t<\/div>\n\t\t\t\t\n<style>\n#col-946129233 > .col-inner {\n  padding: 0px 0px 0px 60px;\n}\n<\/style>\n\t<\/div>\n\n\t\n<\/div>\n\t<div id=\"gap-1781899338\" class=\"gap-element clearfix\" style=\"display:block; height:auto;\">\n\t\t\n<style>\n#gap-1781899338 {\n  padding-top: 30px;\n}\n<\/style>\n\t<\/div>\n\t\n<div class=\"row\"  id=\"row-1088336859\">\n\n\t<div id=\"col-901249240\" class=\"col medium-6 small-12 large-6\"  >\n\t\t\t\t<div class=\"col-inner\"  >\n\t\t\t\n\t\t\t\n\n  <div class=\"banner has-hover fancy-banner-right\" id=\"banner-829620297\">\n          <div class=\"banner-inner fill\">\n        <div class=\"banner-bg fill\" >\n            <img loading=\"lazy\" decoding=\"async\" width=\"600\" height=\"361\" src=\"https:\/\/inoxtechnology.hu\/wp-content\/uploads\/2025\/02\/134520_pic_600x500.webp\" class=\"bg attachment-original size-original\" alt=\"\" \/>                                    \n                    <\/div>\n\t\t\n        <div class=\"banner-layers container\">\n            <div class=\"fill banner-link\"><\/div>            \n   <div id=\"text-box-645381327\" class=\"text-box banner-layer x50 md-x50 lg-x50 y50 md-y50 lg-y50 res-text\">\n                                <div class=\"text-box-content text dark\">\n              \n              <div class=\"text-inner text-center\">\n                  \n              <\/div>\n           <\/div>\n                            \n<style>\n#text-box-645381327 {\n  width: 60%;\n}\n#text-box-645381327 .text-box-content {\n  font-size: 100%;\n}\n@media (min-width:550px) {\n  #text-box-645381327 {\n    width: 60%;\n  }\n}\n<\/style>\n    <\/div>\n \n        <\/div>\n      <\/div>\n\n            \n<style>\n#banner-829620297 {\n  padding-top: 340px;\n  background-color: rgb(255,255,255);\n}\n#banner-829620297 .banner-bg img {\n  object-position: 70% 67%;\n}\n<\/style>\n  <\/div>\n\n\n\t\t<\/div>\n\t\t\t\t\n<style>\n#col-901249240 > .col-inner {\n  padding: 0px 60px 0px 0px;\n}\n<\/style>\n\t<\/div>\n\n\t\n\n\t<div id=\"col-1773508012\" class=\"col medium-6 small-12 large-6\"  >\n\t\t\t\t<div class=\"col-inner\"  >\n\t\t\t\n\t\t\t\n\t<div id=\"text-1010200168\" class=\"text\">\n\t\t\n<h3>Kontaktieren Sie uns mit Ihren Metallteile-Anforderungen<\/h3>\n<p>Wenn Sie zuverl\u00e4ssige und hochwertige Metallteile ben\u00f6tigen, ist die INOX Technology GmbH die richtige Wahl. Kontaktieren Sie uns, damit wir Ihre Vorstellungen gemeinsam verwirklichen k\u00f6nnen.<\/p>\n\t\t\n<style>\n#text-1010200168 {\n  font-size: 1.25rem;\n}\n<\/style>\n\t<\/div>\n\t\n\t<div id=\"gap-323794719\" class=\"gap-element clearfix\" style=\"display:block; height:auto;\">\n\t\t\n<style>\n#gap-323794719 {\n  padding-top: 30px;\n}\n<\/style>\n\t<\/div>\n\t\n\t\t<\/div>\n\t\t\t\t\t<\/div>\n\n\t\n<\/div>\n\t<div id=\"gap-813518743\" class=\"gap-element clearfix\" style=\"display:block; height:auto;\">\n\t\t\n<style>\n#gap-813518743 {\n  padding-top: 30px;\n}\n<\/style>\n\t<\/div>\n\t\n\t<div id=\"gap-1790779082\" class=\"gap-element clearfix\" style=\"display:block; height:auto;\">\n\t\t\n<style>\n#gap-1790779082 {\n  padding-top: 30px;\n}\n<\/style>\n\t<\/div>\n\t\n\t\t<\/div>\n\n\t\t\n<style>\n#section_379989034 {\n  padding-top: 0px;\n  padding-bottom: 0px;\n}\n<\/style>\n\t<\/section>\n\t\n\n","protected":false},"excerpt":{"rendered":"","protected":false},"author":1,"featured_media":0,"parent":0,"menu_order":0,"comment_status":"closed","ping_status":"closed","template":"page-blank.php","meta":{"footnotes":""},"class_list":["post-986","page","type-page","status-publish","hentry"],"_links":{"self":[{"href":"https:\/\/inoxtechnology.hu\/index.php\/wp-json\/wp\/v2\/pages\/986","targetHints":{"allow":["GET"]}}],"collection":[{"href":"https:\/\/inoxtechnology.hu\/index.php\/wp-json\/wp\/v2\/pages"}],"about":[{"href":"https:\/\/inoxtechnology.hu\/index.php\/wp-json\/wp\/v2\/types\/page"}],"author":[{"embeddable":true,"href":"https:\/\/inoxtechnology.hu\/index.php\/wp-json\/wp\/v2\/users\/1"}],"replies":[{"embeddable":true,"href":"https:\/\/inoxtechnology.hu\/index.php\/wp-json\/wp\/v2\/comments?post=986"}],"version-history":[{"count":2,"href":"https:\/\/inoxtechnology.hu\/index.php\/wp-json\/wp\/v2\/pages\/986\/revisions"}],"predecessor-version":[{"id":997,"href":"https:\/\/inoxtechnology.hu\/index.php\/wp-json\/wp\/v2\/pages\/986\/revisions\/997"}],"wp:attachment":[{"href":"https:\/\/inoxtechnology.hu\/index.php\/wp-json\/wp\/v2\/media?parent=986"}],"curies":[{"name":"wp","href":"https:\/\/api.w.org\/{rel}","templated":true}]}}