{"id":961,"date":"2025-06-25T12:05:51","date_gmt":"2025-06-25T12:05:51","guid":{"rendered":"https:\/\/inoxtechnology.hu\/?page_id=961"},"modified":"2025-06-25T12:05:51","modified_gmt":"2025-06-25T12:05:51","slug":"contact","status":"publish","type":"page","link":"https:\/\/inoxtechnology.hu\/index.php\/en\/contact\/","title":{"rendered":"Contact"},"content":{"rendered":"\n  <div class=\"banner has-hover\" id=\"banner-134659751\">\n          <div class=\"banner-inner fill\">\n        <div class=\"banner-bg fill\" >\n            <img loading=\"lazy\" decoding=\"async\" width=\"2000\" height=\"1000\" src=\"https:\/\/inoxtechnology.hu\/wp-content\/uploads\/2025\/02\/team-engineer-man-working-with-laptop-and-inspecti-2025-01-10-12-43-16-utc.webp\" class=\"bg attachment-original size-original\" alt=\"\" \/>                        <div class=\"overlay\"><\/div>            \n                    <\/div>\n\t\t\n        <div class=\"banner-layers container\">\n            <div class=\"fill banner-link\"><\/div>            \n   <div id=\"text-box-38524024\" class=\"text-box banner-layer x0 md-x0 lg-x0 y50 md-y50 lg-y50 res-text\">\n                                <div class=\"text-box-content text dark\">\n              \n              <div class=\"text-inner text-left\">\n                  \n<h2 class=\"uppercase\"><strong>Contact<\/strong><\/h2>\n\t<div id=\"gap-1598135679\" class=\"gap-element clearfix\" style=\"display:block; height:auto;\">\n\t\t\n<style>\n#gap-1598135679 {\n  padding-top: 15px;\n}\n<\/style>\n\t<\/div>\n\t\n<p>Our contact information and opening hours<\/p>\n              <\/div>\n           <\/div>\n                            \n<style>\n#text-box-38524024 {\n  width: 85%;\n}\n#text-box-38524024 .text-box-content {\n  font-size: 100%;\n}\n@media (min-width:550px) {\n  #text-box-38524024 {\n    width: 50%;\n  }\n}\n<\/style>\n    <\/div>\n \n        <\/div>\n      <\/div>\n\n            \n<style>\n#banner-134659751 {\n  padding-top: 300px;\n}\n#banner-134659751 .overlay {\n  background-color: rgba(0,0,0,.5);\n}\n#banner-134659751 .banner-bg img {\n  object-position: 86% 68%;\n}\n@media (min-width:550px) {\n  #banner-134659751 {\n    padding-top: 300px;\n  }\n}\n<\/style>\n  <\/div>\n\n\n\t<div id=\"gap-2016518101\" class=\"gap-element clearfix\" style=\"display:block; height:auto;\">\n\t\t\n<style>\n#gap-2016518101 {\n  padding-top: 60px;\n}\n<\/style>\n\t<\/div>\n\t\n\n\t<section class=\"section\" id=\"section_667581528\">\n\t\t<div class=\"section-bg fill\" >\n\t\t\t\t\t\t\t\t\t\n\t\t\t\n\n\t\t<\/div>\n\n\t\t\n\n\t\t<div class=\"section-content relative\">\n\t\t\t\n<div class=\"row\"  id=\"row-2108445696\">\n\n\t<div id=\"col-2123470626\" class=\"col medium-6 small-12 large-6\"  >\n\t\t\t\t<div class=\"col-inner\"  >\n\t\t\t\n\t\t\t\n<h3 data-start=\"0\" data-end=\"49\"><strong data-start=\"0\" data-end=\"49\">Contacting INOX Technology Ltd.<\/strong><\/h3>\n<p data-start=\"51\" data-end=\"233\">If you have any questions about our products or services, or would like to request a quote, please contact us at the following contact details:<\/p>\n<h4 data-start=\"235\" data-end=\"253\"><strong data-start=\"235\" data-end=\"253\">Phone numbers:<\/strong><\/h4>\n<ul data-start=\"255\" data-end=\"318\">\n<li data-start=\"255\" data-end=\"273\">+36-20\/9-315-313 (M\u00e1rkus G\u00e1bor)<\/li>\n<li data-start=\"274\" data-end=\"292\">+36-70\/4-085-476 (CEO, Szkok J\u00f3zsef)<\/li>\n<li data-start=\"293\" data-end=\"318\">+36-20\/9-528-884 (office, L\u00e1szl\u00f3-Brand No\u00e9mi)<\/li>\n<\/ul>\n<h4 data-start=\"320\" data-end=\"337\"><strong data-start=\"320\" data-end=\"337\">E-mail addresses:<\/strong><\/h4>\n<ul data-start=\"339\" data-end=\"393\">\n<li data-start=\"339\" data-end=\"363\"><a rel=\"noopener\" data-start=\"341\" data-end=\"363\">inox@inoxtechnology.hu<\/a><\/li>\n<li data-start=\"364\" data-end=\"393\"><a rel=\"noopener\" data-start=\"366\" data-end=\"393\">inoxtechnologykft@gmail.com<\/a><\/li>\n<\/ul>\n<h4 data-start=\"395\" data-end=\"422\"><strong data-start=\"395\" data-end=\"422\">Office and customer reception:<\/strong><\/h4>\n<p data-start=\"424\" data-end=\"466\">8000 Sz\u00e9kesfeh\u00e9rv\u00e1r, R\u00e1ba utca\/K\u00f6r\u00f6si utca<\/p>\n<p data-start=\"468\" data-end=\"548\">(For package delivery, please coordinate in advance on our office phone number!)<\/p>\n<h4 data-start=\"395\" data-end=\"422\"><strong data-start=\"395\" data-end=\"422\">Billing information<\/strong><strong data-start=\"395\" data-end=\"422\">:<\/strong><\/h4>\n<p>8000 Sz\u00e9kesfeh\u00e9rv\u00e1r, Kisteleki utca 76.<br \/>Bank account number: UniCredit Bank 10918001-00000047-86050002<\/p>\n<p><strong>Inox Technology Ltd.<\/strong><br \/>Tax number: 24715825-2-07<\/p>\n\t\t<\/div>\n\t\t\t\t\t<\/div>\n\n\t\n\n\t<div id=\"col-1919360403\" class=\"col medium-6 small-12 large-6\"  >\n\t\t\t\t<div class=\"col-inner\"  >\n\t\t\t\n\t\t\t\n<h4 data-start=\"550\" data-end=\"572\"><strong data-start=\"550\" data-end=\"572\">Opening hours:<\/strong><\/h4>\n<ul data-start=\"574\" data-end=\"650\">\n<li data-start=\"574\" data-end=\"603\">Monday\u2013Thursday: 8:00\u201316:00<\/li>\n<li data-start=\"604\" data-end=\"624\">Friday: 8:00\u201315:00<\/li>\n<li data-start=\"625\" data-end=\"650\">Saturday\u2013Sunday: Closed<\/li>\n<\/ul>\n<p data-start=\"769\" data-end=\"870\">We are happy to be at your disposal with your questions or quote requests at the above contact details.<\/p>\n\t\t<\/div>\n\t\t\t\t\t<\/div>\n\n\t\n<\/div>\n\t\t<\/div>\n\n\t\t\n<style>\n#section_667581528 {\n  padding-top: 20px 0px 0px 0px;\n  padding-bottom: 20px 0px 0px 0px;\n}\n<\/style>\n\t<\/section>\n\t\n\t<div id=\"gap-817783406\" class=\"gap-element clearfix\" style=\"display:block; height:auto;\">\n\t\t\n<style>\n#gap-817783406 {\n  padding-top: 60px;\n}\n<\/style>\n\t<\/div>\n\t\n","protected":false},"excerpt":{"rendered":"","protected":false},"author":1,"featured_media":0,"parent":0,"menu_order":0,"comment_status":"closed","ping_status":"closed","template":"page-blank.php","meta":{"footnotes":""},"class_list":["post-961","page","type-page","status-publish","hentry"],"_links":{"self":[{"href":"https:\/\/inoxtechnology.hu\/index.php\/wp-json\/wp\/v2\/pages\/961","targetHints":{"allow":["GET"]}}],"collection":[{"href":"https:\/\/inoxtechnology.hu\/index.php\/wp-json\/wp\/v2\/pages"}],"about":[{"href":"https:\/\/inoxtechnology.hu\/index.php\/wp-json\/wp\/v2\/types\/page"}],"author":[{"embeddable":true,"href":"https:\/\/inoxtechnology.hu\/index.php\/wp-json\/wp\/v2\/users\/1"}],"replies":[{"embeddable":true,"href":"https:\/\/inoxtechnology.hu\/index.php\/wp-json\/wp\/v2\/comments?post=961"}],"version-history":[{"count":1,"href":"https:\/\/inoxtechnology.hu\/index.php\/wp-json\/wp\/v2\/pages\/961\/revisions"}],"predecessor-version":[{"id":981,"href":"https:\/\/inoxtechnology.hu\/index.php\/wp-json\/wp\/v2\/pages\/961\/revisions\/981"}],"wp:attachment":[{"href":"https:\/\/inoxtechnology.hu\/index.php\/wp-json\/wp\/v2\/media?parent=961"}],"curies":[{"name":"wp","href":"https:\/\/api.w.org\/{rel}","templated":true}]}}