{"id":125,"date":"2024-12-12T16:10:01","date_gmt":"2024-12-12T16:10:01","guid":{"rendered":"https:\/\/pkl.cegem360.hu\/?page_id=125"},"modified":"2026-04-16T14:38:35","modified_gmt":"2026-04-16T14:38:35","slug":"ipari-epuletgepeszet","status":"publish","type":"page","link":"https:\/\/inoxtechnology.hu\/index.php\/ipari-epuletgepeszet\/","title":{"rendered":"Ipari \u00e9p\u00fcletg\u00e9p\u00e9szet"},"content":{"rendered":"\n  <div class=\"banner has-hover\" id=\"banner-1382134998\">\n          <div class=\"banner-inner fill\">\n        <div class=\"banner-bg fill\" >\n            <img loading=\"lazy\" decoding=\"async\" width=\"1421\" height=\"470\" src=\"https:\/\/inoxtechnology.hu\/wp-content\/uploads\/2024\/12\/felulrol.jpg\" class=\"bg attachment-original size-original\" alt=\"\" \/>                        <div class=\"overlay\"><\/div>            \n                    <\/div>\n\t\t\n        <div class=\"banner-layers container\">\n            <div class=\"fill banner-link\"><\/div>            \n   <div id=\"text-box-544658240\" class=\"text-box banner-layer x10 md-x10 lg-x0 y50 md-y50 lg-y50 res-text\">\n                                <div class=\"text-box-content text dark\">\n              \n              <div class=\"text-inner text-left\">\n                  \n<h2 class=\"uppercase\">Ipari \u00e9p\u00fcletg\u00e9p\u00e9szet<\/h2>\n              <\/div>\n           <\/div>\n                            \n<style>\n#text-box-544658240 {\n  width: 85%;\n}\n#text-box-544658240 .text-box-content {\n  font-size: 100%;\n}\n@media (min-width:550px) {\n  #text-box-544658240 {\n    width: 56%;\n  }\n}\n@media (min-width:850px) {\n  #text-box-544658240 {\n    width: 52%;\n  }\n}\n<\/style>\n    <\/div>\n \n        <\/div>\n      <\/div>\n\n            \n<style>\n#banner-1382134998 {\n  padding-top: 300px;\n}\n#banner-1382134998 .overlay {\n  background-color: rgba(0,0,0,.5);\n}\n#banner-1382134998 .banner-bg img {\n  object-position: 86% 76%;\n}\n@media (min-width:550px) {\n  #banner-1382134998 {\n    padding-top: 300px;\n  }\n}\n<\/style>\n  <\/div>\n\n\n\t<div id=\"gap-723867424\" class=\"gap-element clearfix\" style=\"display:block; height:auto;\">\n\t\t\n<style>\n#gap-723867424 {\n  padding-top: 90px;\n}\n<\/style>\n\t<\/div>\n\t\n\n\t<section class=\"section\" id=\"section_712772788\">\n\t\t<div class=\"section-bg fill\" >\n\t\t\t\t\t\t\t\t\t\n\t\t\t\n\n\t\t<\/div>\n\n\t\t\n\n\t\t<div class=\"section-content relative\">\n\t\t\t\n<div class=\"row\"  id=\"row-634176088\">\n\n\t<div id=\"col-173359213\" class=\"col medium-6 small-12 large-6\"  >\n\t\t\t\t<div class=\"col-inner\"  >\n\t\t\t\n\t\t\t\n\t<div id=\"text-3751556681\" class=\"text\">\n\t\t\n<h3>Ipari \u00e9p\u00fcletg\u00e9p\u00e9szeti szolg\u00e1ltat\u00e1saink \u00e1ttekint\u00e9se<\/h3>\n<p>Az INOX Technology Kft. az ipari \u00e9p\u00fcletg\u00e9p\u00e9szet ter\u00fclet\u00e9n is sz\u00e9les k\u00f6r\u0171 szolg\u00e1ltat\u00e1sokat ny\u00fajt, els\u0151 sorban az ipari csarnokok <strong>f\u0171t\u00e9stechnikai rendszereinek<\/strong> tervez\u00e9s\u00e9hez \u00e9s kivitelez\u00e9s\u00e9hez. V\u00e1llaljuk s\u00f6t\u00e9tsug\u00e1rz\u00f3k \u00e9s h\u0151l\u00e9gf\u00fav\u00f3k telep\u00edt\u00e9s\u00e9t, cser\u00e9j\u00e9t, valamint azok tart\u00f3szerkezeteinek gy\u00e1rt\u00e1s\u00e1t \u00e9s telep\u00edt\u00e9s\u00e9t, biztos\u00edtva a szakszer\u0171 \u00e9s biztons\u00e1gos r\u00f6gz\u00edt\u00e9st. Berendez\u00e9sekhez teljes k\u00f6r\u0171en<strong> l\u00e9tes\u00edt\u00fcnk cs\u0151h\u00e1l\u00f3zatokat<\/strong> hegesztett, roppantott \u00e9s vegyes kivitelez\u00e9sben. Ig\u00e9ny eset\u00e9n a <strong>kapcsol\u00f3d\u00f3 f\u00f6ldmunk\u00e1kat<\/strong> is v\u00e1llalni tudjuk saj\u00e1t g\u00e9pparkunk terh\u00e9re. <strong>Rendszerbe foglalt szolg\u00e1ltat\u00e1saink<\/strong> r\u00e9v\u00e9n hat\u00e9kony \u00e9s megb\u00edzhat\u00f3 f\u0171t\u00e9si megold\u00e1sokat tudunk \u00fcgyfeleink sz\u00e1m\u00e1ra biztos\u00edtani.<\/p>\n\t\t\n<style>\n#text-3751556681 {\n  font-size: 1.25rem;\n}\n<\/style>\n\t<\/div>\n\t\n\t<div id=\"gap-287913429\" class=\"gap-element clearfix\" style=\"display:block; height:auto;\">\n\t\t\n<style>\n#gap-287913429 {\n  padding-top: 30px;\n}\n<\/style>\n\t<\/div>\n\t\n\t\t<\/div>\n\t\t\t\t\t<\/div>\n\n\t\n\n\t<div id=\"col-1341913588\" class=\"col medium-6 small-12 large-6 small-col-first\"  >\n\t\t\t\t<div class=\"col-inner\"  >\n\t\t\t\n\t\t\t\n\n  <div class=\"banner has-hover fancy-banner-right\" id=\"banner-1636703972\">\n          <div class=\"banner-inner fill\">\n        <div class=\"banner-bg fill\" >\n            <img loading=\"lazy\" decoding=\"async\" width=\"301\" height=\"168\" src=\"https:\/\/inoxtechnology.hu\/wp-content\/uploads\/2026\/04\/csohallozat.jpg\" class=\"bg attachment-original size-original\" alt=\"\" \/>                                    \n                    <\/div>\n\t\t\n        <div class=\"banner-layers container\">\n            <div class=\"fill banner-link\"><\/div>            \n   <div id=\"text-box-914520110\" class=\"text-box banner-layer x50 md-x50 lg-x50 y50 md-y50 lg-y50 res-text\">\n                                <div class=\"text-box-content text dark\">\n              \n              <div class=\"text-inner text-center\">\n                  \n              <\/div>\n           <\/div>\n                            \n<style>\n#text-box-914520110 {\n  width: 60%;\n}\n#text-box-914520110 .text-box-content {\n  font-size: 100%;\n}\n@media (min-width:550px) {\n  #text-box-914520110 {\n    width: 60%;\n  }\n}\n<\/style>\n    <\/div>\n \n        <\/div>\n      <\/div>\n\n            \n<style>\n#banner-1636703972 {\n  padding-top: 340px;\n  background-color: rgb(255,255,255);\n}\n#banner-1636703972 .banner-bg img {\n  object-position: 48% 66%;\n}\n<\/style>\n  <\/div>\n\n\n\t\t<\/div>\n\t\t\t\t\n<style>\n#col-1341913588 > .col-inner {\n  padding: 0px 0px 0px 60px;\n}\n<\/style>\n\t<\/div>\n\n\t\n<\/div>\n\t<div id=\"gap-224034457\" class=\"gap-element clearfix\" style=\"display:block; height:auto;\">\n\t\t\n<style>\n#gap-224034457 {\n  padding-top: 30px;\n}\n<\/style>\n\t<\/div>\n\t\n<div class=\"row\"  id=\"row-1866715370\">\n\n\t<div id=\"col-1877988967\" class=\"col medium-6 small-12 large-6\"  >\n\t\t\t\t<div class=\"col-inner\"  >\n\t\t\t\n\t\t\t\n\n  <div class=\"banner has-hover fancy-banner-right\" id=\"banner-1138864068\">\n          <div class=\"banner-inner fill\">\n        <div class=\"banner-bg fill\" >\n            <img loading=\"lazy\" decoding=\"async\" width=\"275\" height=\"183\" src=\"https:\/\/inoxtechnology.hu\/wp-content\/uploads\/2026\/04\/minta.jpg\" class=\"bg attachment-original size-original\" alt=\"\" \/>                                    \n                    <\/div>\n\t\t\n        <div class=\"banner-layers container\">\n            <div class=\"fill banner-link\"><\/div>            \n   <div id=\"text-box-748378908\" class=\"text-box banner-layer x50 md-x50 lg-x50 y50 md-y50 lg-y50 res-text\">\n                                <div class=\"text-box-content text dark\">\n              \n              <div class=\"text-inner text-center\">\n                  \n              <\/div>\n           <\/div>\n                            \n<style>\n#text-box-748378908 {\n  width: 60%;\n}\n#text-box-748378908 .text-box-content {\n  font-size: 100%;\n}\n@media (min-width:550px) {\n  #text-box-748378908 {\n    width: 60%;\n  }\n}\n<\/style>\n    <\/div>\n \n        <\/div>\n      <\/div>\n\n            \n<style>\n#banner-1138864068 {\n  padding-top: 340px;\n  background-color: rgb(255,255,255);\n}\n#banner-1138864068 .banner-bg img {\n  object-position: 44% 67%;\n}\n<\/style>\n  <\/div>\n\n\n\t\t<\/div>\n\t\t\t\t\n<style>\n#col-1877988967 > .col-inner {\n  padding: 0px 60px 0px 0px;\n}\n<\/style>\n\t<\/div>\n\n\t\n\n\t<div id=\"col-652632690\" class=\"col medium-6 small-12 large-6\"  >\n\t\t\t\t<div class=\"col-inner\"  >\n\t\t\t\n\t\t\t\n\t<div id=\"text-1248744547\" class=\"text\">\n\t\t\n<h3>Ipari csarnokok f\u0171t\u00e9stechnikai rendszereinek ki\u00e9p\u00edt\u00e9se<\/h3>\n<p>Szolg\u00e1ltat\u00e1saink k\u00f6z\u00f6tt szerepelnek <strong>ipari csarnokok f\u0171t\u00e9stechnikai<\/strong> rendszereinek kivitelez\u00e9se, bele\u00e9rtve s\u00f6t\u00e9tsug\u00e1rz\u00f3k \u00e9s h\u0151l\u00e9gf\u00fav\u00f3k telep\u00edt\u00e9s\u00e9t, cser\u00e9j\u00e9t, valamint azok tart\u00f3szerkezeteinek gy\u00e1rt\u00e1s\u00e1t \u00e9s telep\u00edt\u00e9s\u00e9t.<\/p>\n\t\t\n<style>\n#text-1248744547 {\n  font-size: 1.25rem;\n}\n<\/style>\n\t<\/div>\n\t\n\t<div id=\"gap-2106048721\" class=\"gap-element clearfix\" style=\"display:block; height:auto;\">\n\t\t\n<style>\n#gap-2106048721 {\n  padding-top: 30px;\n}\n<\/style>\n\t<\/div>\n\t\n\t\t<\/div>\n\t\t\t\t\t<\/div>\n\n\t\n<\/div>\n\t<div id=\"gap-1086416637\" class=\"gap-element clearfix\" style=\"display:block; height:auto;\">\n\t\t\n<style>\n#gap-1086416637 {\n  padding-top: 30px;\n}\n<\/style>\n\t<\/div>\n\t\n<div class=\"row\"  id=\"row-1287867706\">\n\n\t<div id=\"col-583597344\" class=\"col medium-6 small-12 large-6\"  >\n\t\t\t\t<div class=\"col-inner\"  >\n\t\t\t\n\t\t\t\n\t<div id=\"text-1520800307\" class=\"text\">\n\t\t\n<h3>\u00dcgyf\u00e9lk\u00f6zpont\u00fa megold\u00e1sok \u00e9s rugalmas kiszolg\u00e1l\u00e1s<\/h3>\n<p>C\u00e9g\u00fcnk elk\u00f6telezett a gyors \u00e9s pontos kiszolg\u00e1l\u00e1s mellett,<strong> rugalmasan alkalmazkodva<\/strong> partnereink ig\u00e9nyeihez \u00e9s hat\u00e1rid\u0151ihez. <strong>F\u0150 er\u0151ss\u00e9g\u00fcnk<\/strong>, hogy ellent\u00e9tben a nagy gy\u00e1rt\u00f3kkal, mi k\u00f6nnyen alkalmazkodunk az \u00fcgyfeleink speci\u00e1lis ig\u00e9nyeihez, \u00e9s kis sz\u00e9ri\u00e1s megrendel\u00e9seikhez. \u00dcgyf\u00e9lk\u00f6zpont\u00fa megold\u00e1saink r\u00e9v\u00e9n<strong> egyedi \u00e9s testreszabott term\u00e9keket k\u00edn\u00e1lunk magas hozz\u00e1adott \u00e9rt\u00e9kkel.\u00a0<\/strong><\/p>\n\t\t\n<style>\n#text-1520800307 {\n  font-size: 1.25rem;\n}\n<\/style>\n\t<\/div>\n\t\n\t<div id=\"gap-1459623761\" class=\"gap-element clearfix\" style=\"display:block; height:auto;\">\n\t\t\n<style>\n#gap-1459623761 {\n  padding-top: 30px;\n}\n<\/style>\n\t<\/div>\n\t\n\t\t<\/div>\n\t\t\t\t\t<\/div>\n\n\t\n\n\t<div id=\"col-60933316\" class=\"col medium-6 small-12 large-6 small-col-first\"  >\n\t\t\t\t<div class=\"col-inner\"  >\n\t\t\t\n\t\t\t\n\n  <div class=\"banner has-hover fancy-banner-right\" id=\"banner-1069735742\">\n          <div class=\"banner-inner fill\">\n        <div class=\"banner-bg fill\" >\n            <img loading=\"lazy\" decoding=\"async\" width=\"275\" height=\"183\" src=\"https:\/\/inoxtechnology.hu\/wp-content\/uploads\/2026\/04\/belso-csohalozat.jpg\" class=\"bg attachment-original size-original\" alt=\"\" \/>                                    \n                    <\/div>\n\t\t\n        <div class=\"banner-layers container\">\n            <div class=\"fill banner-link\"><\/div>            \n   <div id=\"text-box-2111841574\" class=\"text-box banner-layer x50 md-x50 lg-x50 y50 md-y50 lg-y50 res-text\">\n                                <div class=\"text-box-content text dark\">\n              \n              <div class=\"text-inner text-center\">\n                  \n              <\/div>\n           <\/div>\n                            \n<style>\n#text-box-2111841574 {\n  width: 60%;\n}\n#text-box-2111841574 .text-box-content {\n  font-size: 100%;\n}\n@media (min-width:550px) {\n  #text-box-2111841574 {\n    width: 60%;\n  }\n}\n<\/style>\n    <\/div>\n \n        <\/div>\n      <\/div>\n\n            \n<style>\n#banner-1069735742 {\n  padding-top: 340px;\n  background-color: rgb(255,255,255);\n}\n#banner-1069735742 .banner-bg img {\n  object-position: 76% 100%;\n}\n<\/style>\n  <\/div>\n\n\n\t\t<\/div>\n\t\t\t\t\n<style>\n#col-60933316 > .col-inner {\n  padding: 0px 0px 0px 60px;\n}\n<\/style>\n\t<\/div>\n\n\t\n<\/div>\n\t<div id=\"gap-1493205186\" class=\"gap-element clearfix\" style=\"display:block; height:auto;\">\n\t\t\n<style>\n#gap-1493205186 {\n  padding-top: 30px;\n}\n<\/style>\n\t<\/div>\n\t\n<div class=\"row\"  id=\"row-2090000142\">\n\n\t<div id=\"col-709024471\" class=\"col medium-6 small-12 large-6\"  >\n\t\t\t\t<div class=\"col-inner\"  >\n\t\t\t\n\t\t\t\n\n  <div class=\"banner has-hover fancy-banner-right\" id=\"banner-2109741727\">\n          <div class=\"banner-inner fill\">\n        <div class=\"banner-bg fill\" >\n            <img loading=\"lazy\" decoding=\"async\" width=\"2000\" height=\"1333\" src=\"https:\/\/inoxtechnology.hu\/wp-content\/uploads\/2025\/02\/professional-business-team-meeting-in-formal-suits-2024-05-10-23-46-35-utc.webp\" class=\"bg attachment-original size-original\" alt=\"\" \/>                                    \n                    <\/div>\n\t\t\n        <div class=\"banner-layers container\">\n            <div class=\"fill banner-link\"><\/div>            \n   <div id=\"text-box-1101175875\" class=\"text-box banner-layer x50 md-x50 lg-x50 y50 md-y50 lg-y50 res-text\">\n                                <div class=\"text-box-content text dark\">\n              \n              <div class=\"text-inner text-center\">\n                  \n              <\/div>\n           <\/div>\n                            \n<style>\n#text-box-1101175875 {\n  width: 60%;\n}\n#text-box-1101175875 .text-box-content {\n  font-size: 100%;\n}\n@media (min-width:550px) {\n  #text-box-1101175875 {\n    width: 60%;\n  }\n}\n<\/style>\n    <\/div>\n \n        <\/div>\n      <\/div>\n\n            \n<style>\n#banner-2109741727 {\n  padding-top: 340px;\n  background-color: rgb(255,255,255);\n}\n#banner-2109741727 .banner-bg img {\n  object-position: 83% 39%;\n}\n<\/style>\n  <\/div>\n\n\n\t\t<\/div>\n\t\t\t\t\n<style>\n#col-709024471 > .col-inner {\n  padding: 0px 60px 0px 0px;\n}\n<\/style>\n\t<\/div>\n\n\t\n\n\t<div id=\"col-1574482700\" class=\"col medium-6 small-12 large-6\"  >\n\t\t\t\t<div class=\"col-inner\"  >\n\t\t\t\n\t\t\t\n\t<div id=\"text-4172407570\" class=\"text\">\n\t\t\n<h3>L\u00e9pjen kapcsolatba vel\u00fcnk&#8230;seg\u00edt\u00fcnk!<\/h3>\n<p>Ha megb\u00edzhat\u00f3 \u00e9s <strong>magas min\u0151s\u00e9g\u0171<\/strong> ipari \u00e9p\u00fcletg\u00e9p\u00e9szeti megold\u00e1sokra van sz\u00fcks\u00e9ge, az INOX Technology Kft. a <strong>j\u00f3 v\u00e1laszt\u00e1s<\/strong> lehet. L\u00e9pjen kapcsolatba vel\u00fcnk,<strong> m\u00e9rn\u00f6keink sz\u00edvesen seg\u00edtenek<\/strong>, hogy k\u00f6z\u00f6sen val\u00f3s\u00edthassuk meg elk\u00e9pzel\u00e9seit.<\/p>\n\t\t\n<style>\n#text-4172407570 {\n  font-size: 1.25rem;\n}\n<\/style>\n\t<\/div>\n\t\n\t<div id=\"gap-135525026\" class=\"gap-element clearfix\" style=\"display:block; height:auto;\">\n\t\t\n<style>\n#gap-135525026 {\n  padding-top: 30px;\n}\n<\/style>\n\t<\/div>\n\t\n\t\t<\/div>\n\t\t\t\t\t<\/div>\n\n\t\n<\/div>\n\t<div id=\"gap-906812492\" class=\"gap-element clearfix\" style=\"display:block; height:auto;\">\n\t\t\n<style>\n#gap-906812492 {\n  padding-top: 30px;\n}\n<\/style>\n\t<\/div>\n\t\n\t<div id=\"gap-1663870989\" class=\"gap-element clearfix\" style=\"display:block; height:auto;\">\n\t\t\n<style>\n#gap-1663870989 {\n  padding-top: 30px;\n}\n<\/style>\n\t<\/div>\n\t\n\t<div id=\"gap-1348961306\" class=\"gap-element clearfix\" style=\"display:block; height:auto;\">\n\t\t\n<style>\n#gap-1348961306 {\n  padding-top: 30px;\n}\n<\/style>\n\t<\/div>\n\t\n\t\t<\/div>\n\n\t\t\n<style>\n#section_712772788 {\n  padding-top: 0px;\n  padding-bottom: 0px;\n}\n<\/style>\n\t<\/section>\n\t\n\n","protected":false},"excerpt":{"rendered":"","protected":false},"author":1,"featured_media":0,"parent":0,"menu_order":0,"comment_status":"closed","ping_status":"closed","template":"page-blank.php","meta":{"footnotes":""},"class_list":["post-125","page","type-page","status-publish","hentry"],"_links":{"self":[{"href":"https:\/\/inoxtechnology.hu\/index.php\/wp-json\/wp\/v2\/pages\/125","targetHints":{"allow":["GET"]}}],"collection":[{"href":"https:\/\/inoxtechnology.hu\/index.php\/wp-json\/wp\/v2\/pages"}],"about":[{"href":"https:\/\/inoxtechnology.hu\/index.php\/wp-json\/wp\/v2\/types\/page"}],"author":[{"embeddable":true,"href":"https:\/\/inoxtechnology.hu\/index.php\/wp-json\/wp\/v2\/users\/1"}],"replies":[{"embeddable":true,"href":"https:\/\/inoxtechnology.hu\/index.php\/wp-json\/wp\/v2\/comments?post=125"}],"version-history":[{"count":15,"href":"https:\/\/inoxtechnology.hu\/index.php\/wp-json\/wp\/v2\/pages\/125\/revisions"}],"predecessor-version":[{"id":1065,"href":"https:\/\/inoxtechnology.hu\/index.php\/wp-json\/wp\/v2\/pages\/125\/revisions\/1065"}],"wp:attachment":[{"href":"https:\/\/inoxtechnology.hu\/index.php\/wp-json\/wp\/v2\/media?parent=125"}],"curies":[{"name":"wp","href":"https:\/\/api.w.org\/{rel}","templated":true}]}}