{"id":123,"date":"2024-12-12T16:09:51","date_gmt":"2024-12-12T16:09:51","guid":{"rendered":"https:\/\/pkl.cegem360.hu\/?page_id=123"},"modified":"2026-04-16T13:35:14","modified_gmt":"2026-04-16T13:35:14","slug":"femalkatresz-gyartas","status":"publish","type":"page","link":"https:\/\/inoxtechnology.hu\/index.php\/femalkatresz-gyartas\/","title":{"rendered":"F\u00e9malkatr\u00e9sz gy\u00e1rt\u00e1s"},"content":{"rendered":"\n  <div class=\"banner has-hover\" id=\"banner-1907395317\">\n          <div class=\"banner-inner fill\">\n        <div class=\"banner-bg fill\" >\n            <img loading=\"lazy\" decoding=\"async\" width=\"2000\" height=\"1368\" src=\"https:\/\/inoxtechnology.hu\/wp-content\/uploads\/2025\/02\/a-female-machinist-operates-a-lathe-in-a-workshop-2024-09-13-13-39-18-utc.webp\" class=\"bg attachment-original size-original\" alt=\"\" \/>                        <div class=\"overlay\"><\/div>            \n                    <\/div>\n\t\t\n        <div class=\"banner-layers container\">\n            <div class=\"fill banner-link\"><\/div>            \n   <div id=\"text-box-1059251999\" class=\"text-box banner-layer x10 md-x10 lg-x0 y50 md-y50 lg-y50 res-text\">\n                                <div class=\"text-box-content text dark\">\n              \n              <div class=\"text-inner text-left\">\n                  \n<h2 class=\"uppercase\">F\u00e9m alkatr\u00e9szek, berendez\u00e9sek gy\u00e1rt\u00e1sa<\/h2>\n\t<div id=\"gap-28228090\" class=\"gap-element clearfix\" style=\"display:block; height:auto;\">\n\t\t\n<style>\n#gap-28228090 {\n  padding-top: 15px;\n}\n<\/style>\n\t<\/div>\n\t\n              <\/div>\n           <\/div>\n                            \n<style>\n#text-box-1059251999 {\n  width: 85%;\n}\n#text-box-1059251999 .text-box-content {\n  font-size: 100%;\n}\n@media (min-width:550px) {\n  #text-box-1059251999 {\n    width: 56%;\n  }\n}\n@media (min-width:850px) {\n  #text-box-1059251999 {\n    width: 56%;\n  }\n}\n<\/style>\n    <\/div>\n \n        <\/div>\n      <\/div>\n\n            \n<style>\n#banner-1907395317 {\n  padding-top: 300px;\n}\n#banner-1907395317 .overlay {\n  background-color: rgba(0,0,0,.5);\n}\n#banner-1907395317 .banner-bg img {\n  object-position: 42% 69%;\n}\n@media (min-width:550px) {\n  #banner-1907395317 {\n    padding-top: 300px;\n  }\n}\n<\/style>\n  <\/div>\n\n\n\t<div id=\"gap-888342349\" class=\"gap-element clearfix\" style=\"display:block; height:auto;\">\n\t\t\n<style>\n#gap-888342349 {\n  padding-top: 90px;\n}\n<\/style>\n\t<\/div>\n\t\n\n\t<section class=\"section\" id=\"section_579273295\">\n\t\t<div class=\"section-bg fill\" >\n\t\t\t\t\t\t\t\t\t\n\t\t\t\n\n\t\t<\/div>\n\n\t\t\n\n\t\t<div class=\"section-content relative\">\n\t\t\t\n<div class=\"row\"  id=\"row-436071563\">\n\n\t<div id=\"col-1170487238\" class=\"col medium-6 small-12 large-6\"  >\n\t\t\t\t<div class=\"col-inner\"  >\n\t\t\t\n\t\t\t\n\t<div id=\"text-3334760307\" class=\"text\">\n\t\t\n<p>Az <strong>INOX Technology Kft.<\/strong> a f\u00e9malkatr\u00e9sz-gy\u00e1rt\u00e1s ter\u00fclet\u00e9n is szolg\u00e1ltat\u00e1sokat ny\u00fajt, k\u00fcl\u00f6n\u00f6s tekintettel a rozsdamentes \u00e9s sav\u00e1ll\u00f3 ac\u00e9lb\u00f3l k\u00e9sz\u00fclt term\u00e9kekre. C\u00e9g\u00fcnk v\u00e1llalja<strong> egyedi \u00e9s sorozatgy\u00e1rt\u00e1s\u00fa<\/strong> f\u00e9malkatr\u00e9szek tervez\u00e9s\u00e9t, gy\u00e1rt\u00e1s\u00e1t, sz\u00fcks\u00e9g eset\u00e9n\u00a0 beszerel\u00e9s\u00e9t. M\u00e9rn\u00f6ki kapacit\u00e1sunk \u00e1ll rendelkez\u00e9sre egyedi g\u00e9pek, vagy alkatr\u00e9szek tervez\u00e9s\u00e9nek t\u00e1mogat\u00e1s\u00e1hoz.\u00a0<\/p>\n\t\t\n<style>\n#text-3334760307 {\n  font-size: 1.25rem;\n}\n<\/style>\n\t<\/div>\n\t\n\t<div id=\"gap-185000517\" class=\"gap-element clearfix\" style=\"display:block; height:auto;\">\n\t\t\n<style>\n#gap-185000517 {\n  padding-top: 30px;\n}\n<\/style>\n\t<\/div>\n\t\n\t\t<\/div>\n\t\t\t\t\t<\/div>\n\n\t\n\n\t<div id=\"col-875645627\" class=\"col medium-6 small-12 large-6 small-col-first\"  >\n\t\t\t\t<div class=\"col-inner\"  >\n\t\t\t\n\t\t\t\n\n  <div class=\"banner has-hover fancy-banner-right\" id=\"banner-1180329588\">\n          <div class=\"banner-inner fill\">\n        <div class=\"banner-bg fill\" >\n            <img loading=\"lazy\" decoding=\"async\" width=\"1920\" height=\"2560\" src=\"https:\/\/inoxtechnology.hu\/wp-content\/uploads\/2026\/04\/20250625_091154-scaled.jpg\" class=\"bg attachment-original size-original\" alt=\"\" \/>                                    \n                    <\/div>\n\t\t\n        <div class=\"banner-layers container\">\n            <div class=\"fill banner-link\"><\/div>            \n   <div id=\"text-box-1935800694\" class=\"text-box banner-layer x50 md-x50 lg-x50 y50 md-y50 lg-y50 res-text\">\n                                <div class=\"text-box-content text dark\">\n              \n              <div class=\"text-inner text-center\">\n                  \n              <\/div>\n           <\/div>\n                            \n<style>\n#text-box-1935800694 {\n  width: 60%;\n}\n#text-box-1935800694 .text-box-content {\n  font-size: 100%;\n}\n@media (min-width:550px) {\n  #text-box-1935800694 {\n    width: 60%;\n  }\n}\n<\/style>\n    <\/div>\n \n        <\/div>\n      <\/div>\n\n            \n<style>\n#banner-1180329588 {\n  padding-top: 340px;\n  background-color: rgb(255,255,255);\n}\n#banner-1180329588 .banner-bg img {\n  object-position: 100% 26%;\n}\n<\/style>\n  <\/div>\n\n\n\t\t<\/div>\n\t\t\t\t\n<style>\n#col-875645627 > .col-inner {\n  padding: 0px 0px 0px 60px;\n}\n<\/style>\n\t<\/div>\n\n\t\n<\/div>\n\t<div id=\"gap-872336636\" class=\"gap-element clearfix\" style=\"display:block; height:auto;\">\n\t\t\n<style>\n#gap-872336636 {\n  padding-top: 30px;\n}\n<\/style>\n\t<\/div>\n\t\n<div class=\"row\"  id=\"row-1165499536\">\n\n\t<div id=\"col-187691116\" class=\"col medium-6 small-12 large-6\"  >\n\t\t\t\t<div class=\"col-inner\"  >\n\t\t\t\n\t\t\t\n\n  <div class=\"banner has-hover fancy-banner-right\" id=\"banner-462027035\">\n          <div class=\"banner-inner fill\">\n        <div class=\"banner-bg fill\" >\n            <img loading=\"lazy\" decoding=\"async\" width=\"2000\" height=\"1370\" src=\"https:\/\/inoxtechnology.hu\/wp-content\/uploads\/2025\/02\/factory-worker-man-work-with-the-machine-and-look-2023-11-27-04-51-15-utc.webp\" class=\"bg attachment-original size-original\" alt=\"\" \/>                                    \n                    <\/div>\n\t\t\n        <div class=\"banner-layers container\">\n            <div class=\"fill banner-link\"><\/div>            \n   <div id=\"text-box-1979127142\" class=\"text-box banner-layer x50 md-x50 lg-x50 y50 md-y50 lg-y50 res-text\">\n                                <div class=\"text-box-content text dark\">\n              \n              <div class=\"text-inner text-center\">\n                  \n              <\/div>\n           <\/div>\n                            \n<style>\n#text-box-1979127142 {\n  width: 60%;\n}\n#text-box-1979127142 .text-box-content {\n  font-size: 100%;\n}\n@media (min-width:550px) {\n  #text-box-1979127142 {\n    width: 60%;\n  }\n}\n<\/style>\n    <\/div>\n \n        <\/div>\n      <\/div>\n\n            \n<style>\n#banner-462027035 {\n  padding-top: 340px;\n  background-color: rgb(255,255,255);\n}\n#banner-462027035 .banner-bg img {\n  object-position: 62% 86%;\n}\n<\/style>\n  <\/div>\n\n\n\t\t<\/div>\n\t\t\t\t\n<style>\n#col-187691116 > .col-inner {\n  padding: 0px 60px 0px 0px;\n}\n<\/style>\n\t<\/div>\n\n\t\n\n\t<div id=\"col-343931816\" class=\"col medium-6 small-12 large-6\"  >\n\t\t\t\t<div class=\"col-inner\"  >\n\t\t\t\n\t\t\t\n\t<div id=\"text-648186284\" class=\"text\">\n\t\t\n<h3>Elt\u00e9r\u0151 hegeszt\u00e9si elj\u00e1r\u00e1sok \u00e9s technol\u00f3giai megold\u00e1sok<\/h3>\n<p>Technol\u00f3giai folyamataink k\u00f6z\u00f6tt <strong>t\u00f6bb hegeszt\u00e9si elj\u00e1r\u00e1s<\/strong> is rendelkez\u00e9sre \u00e1ll. <strong>L\u00e9zeres hegeszt\u00e9s, \u00e9s tiszt\u00edt\u00e1s<\/strong>, AVI vagy AFI hegeszt\u00e9s. Rendelkez\u00fcnk finom plazma \u00e9s l\u00e9zer, valamint cs\u0151l\u00e9zer v\u00e1g\u00e1si kapacit\u00e1ssal.\u00a0<\/p>\n<p><strong>Lemezmunk\u00e1khoz<\/strong>, hajl\u00edt\u00e1s, v\u00e1g\u00e1s, \u00edves\u00edt\u00e9s \u00e9s fel\u00fclet k\u00e9pz\u00e9si m\u00f3dszerek \u00e1llnak rendelkez\u00e9s\u00fcnkre.\u00a0<\/p>\n<p>A diam\u00e9terekkel kapcsolatosan \u00e9rdel\u0151dj\u00f6n koll\u00e9g\u00e1inkn\u00e1l.<\/p>\n\t\t\n<style>\n#text-648186284 {\n  font-size: 1.25rem;\n}\n<\/style>\n\t<\/div>\n\t\n\t<div id=\"gap-1664084567\" class=\"gap-element clearfix\" style=\"display:block; height:auto;\">\n\t\t\n<style>\n#gap-1664084567 {\n  padding-top: 30px;\n}\n<\/style>\n\t<\/div>\n\t\n\t\t<\/div>\n\t\t\t\t\t<\/div>\n\n\t\n<\/div>\n\t<div id=\"gap-131550165\" class=\"gap-element clearfix\" style=\"display:block; height:auto;\">\n\t\t\n<style>\n#gap-131550165 {\n  padding-top: 30px;\n}\n<\/style>\n\t<\/div>\n\t\n<div class=\"row\"  id=\"row-1595916199\">\n\n\t<div id=\"col-1081555913\" class=\"col medium-6 small-12 large-6\"  >\n\t\t\t\t<div class=\"col-inner\"  >\n\t\t\t\n\t\t\t\n\t<div id=\"text-2062950475\" class=\"text\">\n\t\t\n<h3>Alkatr\u00e9sz vagy modell k\u00e9sz\u00edt\u00e9s gy\u00e1rt\u00e1s el\u0151tt<\/h3>\n<p>\u00dcgyfeleink r\u00e9sz\u00e9re <strong>egyedi term\u00e9kek gy\u00e1rt\u00e1s\u00e1val<\/strong> is foglalkozunk. Ipari g\u00e9p\u00e9szeti feladataink t\u00e1mogat\u00e1s\u00e1hoz k\u00fclt\u00e9ri egys\u00e9gek, eloszt\u00f3k, kl\u00edma \u00e9s egy\u00e9b g\u00e9pek eltakar\u00e1s\u00e1ra <strong>l\u00e9zerv\u00e1gott burkolatokat<\/strong> k\u00e9sz\u00edt\u00fcnk a RAL sk\u00e1la \u00f6sszes sz\u00edn\u00e9ben. A mint\u00e1k j\u00f3l szeml\u00e9ltetik lemezalak\u00edt\u00e1si feladatainkat, munk\u00e1ink soksz\u00edn\u0171s\u00e9g\u00e9t.<\/p>\n<p>G\u00e9pburkolatok, ker\u00edt\u00e9s elemek, ajt\u00f3 lapok, t\u00e9relv\u00e1laszt\u00f3k vagy ker\u00edt\u00e9s elemek v\u00e1g\u00e1s\u00e1t is elv\u00e9gezz\u00fck.\u00a0<\/p>\n<p><strong>\u00c9rdekl\u0151dj\u00f6n \u00e9s egyeztessen vel\u00fcnk elk\u00e9pzel\u00e9s\u00e9r\u0151l&#8230;.\u00a0<\/strong><\/p>\n\t\t\n<style>\n#text-2062950475 {\n  font-size: 1.25rem;\n}\n<\/style>\n\t<\/div>\n\t\n\t<div id=\"gap-1219010973\" class=\"gap-element clearfix\" style=\"display:block; height:auto;\">\n\t\t\n<style>\n#gap-1219010973 {\n  padding-top: 30px;\n}\n<\/style>\n\t<\/div>\n\t\n\t\t<\/div>\n\t\t\t\t\t<\/div>\n\n\t\n\n\t<div id=\"col-1943307230\" class=\"col medium-6 small-12 large-6 small-col-first\"  >\n\t\t\t\t<div class=\"col-inner\"  >\n\t\t\t\n\t\t\t\n\n  <div class=\"banner has-hover fancy-banner-right\" id=\"banner-499991997\">\n          <div class=\"banner-inner fill\">\n        <div class=\"banner-bg fill\" >\n            <img loading=\"lazy\" decoding=\"async\" width=\"2560\" height=\"1920\" src=\"https:\/\/inoxtechnology.hu\/wp-content\/uploads\/2026\/04\/kep-klima-takaro-scaled.jpg\" class=\"bg attachment-original size-original\" alt=\"\" \/>                                    \n                    <\/div>\n\t\t\n        <div class=\"banner-layers container\">\n            <div class=\"fill banner-link\"><\/div>            \n   <div id=\"text-box-1687467598\" class=\"text-box banner-layer x50 md-x50 lg-x50 y50 md-y50 lg-y50 res-text\">\n                                <div class=\"text-box-content text dark\">\n              \n              <div class=\"text-inner text-center\">\n                  \n              <\/div>\n           <\/div>\n                            \n<style>\n#text-box-1687467598 {\n  width: 60%;\n}\n#text-box-1687467598 .text-box-content {\n  font-size: 100%;\n}\n@media (min-width:550px) {\n  #text-box-1687467598 {\n    width: 60%;\n  }\n}\n<\/style>\n    <\/div>\n \n        <\/div>\n      <\/div>\n\n            \n<style>\n#banner-499991997 {\n  padding-top: 340px;\n  background-color: rgb(255,255,255);\n}\n#banner-499991997 .banner-bg img {\n  object-position: 74% 70%;\n}\n<\/style>\n  <\/div>\n\n\n\t\t<\/div>\n\t\t\t\t\n<style>\n#col-1943307230 > .col-inner {\n  padding: 0px 0px 0px 60px;\n}\n<\/style>\n\t<\/div>\n\n\t\n<\/div>\n\t<div id=\"gap-131884436\" class=\"gap-element clearfix\" style=\"display:block; height:auto;\">\n\t\t\n<style>\n#gap-131884436 {\n  padding-top: 30px;\n}\n<\/style>\n\t<\/div>\n\t\n<div class=\"row\"  id=\"row-1734972093\">\n\n\t<div id=\"col-979738705\" class=\"col medium-6 small-12 large-6\"  >\n\t\t\t\t<div class=\"col-inner\"  >\n\t\t\t\n\t\t\t\n\n  <div class=\"banner has-hover fancy-banner-right\" id=\"banner-1023873529\">\n          <div class=\"banner-inner fill\">\n        <div class=\"banner-bg fill\" >\n            <img loading=\"lazy\" decoding=\"async\" width=\"275\" height=\"183\" src=\"https:\/\/inoxtechnology.hu\/wp-content\/uploads\/2026\/04\/tartaly-hegesztes.jpg\" class=\"bg attachment-original size-original\" alt=\"\" \/>                                    \n                    <\/div>\n\t\t\n        <div class=\"banner-layers container\">\n            <div class=\"fill banner-link\"><\/div>            \n   <div id=\"text-box-575402548\" class=\"text-box banner-layer x50 md-x50 lg-x50 y50 md-y50 lg-y50 res-text\">\n                                <div class=\"text-box-content text dark\">\n              \n              <div class=\"text-inner text-center\">\n                  \n              <\/div>\n           <\/div>\n                            \n<style>\n#text-box-575402548 {\n  width: 60%;\n}\n#text-box-575402548 .text-box-content {\n  font-size: 100%;\n}\n@media (min-width:550px) {\n  #text-box-575402548 {\n    width: 60%;\n  }\n}\n<\/style>\n    <\/div>\n \n        <\/div>\n      <\/div>\n\n            \n<style>\n#banner-1023873529 {\n  padding-top: 340px;\n  background-color: rgb(255,255,255);\n}\n#banner-1023873529 .banner-bg img {\n  object-position: 70% 67%;\n}\n<\/style>\n  <\/div>\n\n\n\t\t<\/div>\n\t\t\t\t\n<style>\n#col-979738705 > .col-inner {\n  padding: 0px 60px 0px 0px;\n}\n<\/style>\n\t<\/div>\n\n\t\n\n\t<div id=\"col-1104470166\" class=\"col medium-6 small-12 large-6\"  >\n\t\t\t\t<div class=\"col-inner\"  >\n\t\t\t\n\t\t\t\n\t<div id=\"text-69159456\" class=\"text\">\n\t\t\n<h3>L\u00e9pjen kapcsolatba vel\u00fcnk:<\/h3>\n<p>Szakmai k\u00e9rd\u00e9sekkel kapcsolatban keressen minket el\u00e9rhet\u0151s\u00e9geinken:<\/p>\n<p>inox@inoxtechnology.hu<\/p>\n<p>inoxtechnologykft@gmail.com<\/p>\n<p>Mobil: +36-20-9-528-884\u00a0 \u00a0( munkaid\u0151ben 8-16.00-ig )<\/p>\n\t\t\n<style>\n#text-69159456 {\n  font-size: 1.25rem;\n}\n<\/style>\n\t<\/div>\n\t\n\t<div id=\"gap-605960064\" class=\"gap-element clearfix\" style=\"display:block; height:auto;\">\n\t\t\n<style>\n#gap-605960064 {\n  padding-top: 30px;\n}\n<\/style>\n\t<\/div>\n\t\n\t\t<\/div>\n\t\t\t\t\t<\/div>\n\n\t\n<\/div>\n\t<div id=\"gap-1274393575\" class=\"gap-element clearfix\" style=\"display:block; height:auto;\">\n\t\t\n<style>\n#gap-1274393575 {\n  padding-top: 30px;\n}\n<\/style>\n\t<\/div>\n\t\n\t<div id=\"gap-1851964522\" class=\"gap-element clearfix\" style=\"display:block; height:auto;\">\n\t\t\n<style>\n#gap-1851964522 {\n  padding-top: 30px;\n}\n<\/style>\n\t<\/div>\n\t\n\t\t<\/div>\n\n\t\t\n<style>\n#section_579273295 {\n  padding-top: 0px;\n  padding-bottom: 0px;\n}\n<\/style>\n\t<\/section>\n\t\n\n","protected":false},"excerpt":{"rendered":"","protected":false},"author":1,"featured_media":0,"parent":0,"menu_order":0,"comment_status":"closed","ping_status":"closed","template":"page-blank.php","meta":{"footnotes":""},"class_list":["post-123","page","type-page","status-publish","hentry"],"_links":{"self":[{"href":"https:\/\/inoxtechnology.hu\/index.php\/wp-json\/wp\/v2\/pages\/123","targetHints":{"allow":["GET"]}}],"collection":[{"href":"https:\/\/inoxtechnology.hu\/index.php\/wp-json\/wp\/v2\/pages"}],"about":[{"href":"https:\/\/inoxtechnology.hu\/index.php\/wp-json\/wp\/v2\/types\/page"}],"author":[{"embeddable":true,"href":"https:\/\/inoxtechnology.hu\/index.php\/wp-json\/wp\/v2\/users\/1"}],"replies":[{"embeddable":true,"href":"https:\/\/inoxtechnology.hu\/index.php\/wp-json\/wp\/v2\/comments?post=123"}],"version-history":[{"count":10,"href":"https:\/\/inoxtechnology.hu\/index.php\/wp-json\/wp\/v2\/pages\/123\/revisions"}],"predecessor-version":[{"id":1061,"href":"https:\/\/inoxtechnology.hu\/index.php\/wp-json\/wp\/v2\/pages\/123\/revisions\/1061"}],"wp:attachment":[{"href":"https:\/\/inoxtechnology.hu\/index.php\/wp-json\/wp\/v2\/media?parent=123"}],"curies":[{"name":"wp","href":"https:\/\/api.w.org\/{rel}","templated":true}]}}