{"id":121,"date":"2024-12-12T16:09:37","date_gmt":"2024-12-12T16:09:37","guid":{"rendered":"https:\/\/pkl.cegem360.hu\/?page_id=121"},"modified":"2026-04-16T15:00:17","modified_gmt":"2026-04-16T15:00:17","slug":"szolgaltatasok","status":"publish","type":"page","link":"https:\/\/inoxtechnology.hu\/index.php\/szolgaltatasok\/","title":{"rendered":"Szolg\u00e1ltat\u00e1sok"},"content":{"rendered":"\n  <div class=\"banner has-hover\" id=\"banner-4967072\">\n          <div class=\"banner-inner fill\">\n        <div class=\"banner-bg fill\" >\n            <img loading=\"lazy\" decoding=\"async\" width=\"2000\" height=\"1304\" src=\"https:\/\/inoxtechnology.hu\/wp-content\/uploads\/2025\/02\/welder-welding-metal-with-argon-arc-welding-machin-2025-01-29-04-42-32-utc.webp\" class=\"bg attachment-original size-original\" alt=\"\" \/>                        <div class=\"overlay\"><\/div>            \n                    <\/div>\n\t\t\n        <div class=\"banner-layers container\">\n            <div class=\"fill banner-link\"><\/div>            \n   <div id=\"text-box-1520664729\" class=\"text-box banner-layer x10 md-x10 lg-x0 y50 md-y50 lg-y50 res-text\">\n                                <div class=\"text-box-content text dark\">\n              \n              <div class=\"text-inner text-left\">\n                  \n<h2 class=\"uppercase\">Ac\u00e9lszerkezet gy\u00e1rt\u00e1s<\/h2>\n              <\/div>\n           <\/div>\n                            \n<style>\n#text-box-1520664729 {\n  width: 85%;\n}\n#text-box-1520664729 .text-box-content {\n  font-size: 100%;\n}\n@media (min-width:550px) {\n  #text-box-1520664729 {\n    width: 56%;\n  }\n}\n@media (min-width:850px) {\n  #text-box-1520664729 {\n    width: 56%;\n  }\n}\n<\/style>\n    <\/div>\n \n        <\/div>\n      <\/div>\n\n            \n<style>\n#banner-4967072 {\n  padding-top: 300px;\n}\n#banner-4967072 .overlay {\n  background-color: rgba(0,0,0,.5);\n}\n#banner-4967072 .banner-bg img {\n  object-position: 90% 30%;\n}\n@media (min-width:550px) {\n  #banner-4967072 {\n    padding-top: 300px;\n  }\n}\n<\/style>\n  <\/div>\n\n\n\t<div id=\"gap-601086976\" class=\"gap-element clearfix\" style=\"display:block; height:auto;\">\n\t\t\n<style>\n#gap-601086976 {\n  padding-top: 90px;\n}\n<\/style>\n\t<\/div>\n\t\n\n\t<section class=\"section\" id=\"section_1876499945\">\n\t\t<div class=\"section-bg fill\" >\n\t\t\t\t\t\t\t\t\t\n\t\t\t\n\n\t\t<\/div>\n\n\t\t\n\n\t\t<div class=\"section-content relative\">\n\t\t\t\n<div class=\"row\"  id=\"row-1959992478\">\n\n\t<div id=\"col-904571761\" class=\"col medium-6 small-12 large-6\"  >\n\t\t\t\t<div class=\"col-inner\"  >\n\t\t\t\n\t\t\t\n\t<div id=\"text-34400707\" class=\"text\">\n\t\t\n<h3>Az INOX Technology Kft. bemutat\u00e1sa az ac\u00e9lszerkezet-gy\u00e1rt\u00e1s ter\u00fclet\u00e9n<\/h3>\n<p>Az INOX Technology Kft. az ac\u00e9lszerkezet-gy\u00e1rt\u00e1s ter\u00fclet\u00e9n is kiemelked\u0151 szolg\u00e1ltat\u00e1sokat ny\u00fajt, k\u00fcl\u00f6n\u00f6s tekintettel a rozsdamentes \u00e9s sav\u00e1ll\u00f3 ac\u00e9lb\u00f3l k\u00e9sz\u00fclt term\u00e9kekre. C\u00e9g\u00fcnk v\u00e1llalja egyedi \u00e9s sorozatgy\u00e1rt\u00e1s\u00fa ac\u00e9lszerkezetek tervez\u00e9s\u00e9t, gy\u00e1rt\u00e1s\u00e1t \u00e9s helysz\u00edni szerel\u00e9s\u00e9t, biztos\u00edtva a magas min\u0151s\u00e9get \u00e9s a megb\u00edzhat\u00f3s\u00e1got \u00fcgyfeleink sz\u00e1m\u00e1ra.<\/p>\n\t\t\n<style>\n#text-34400707 {\n  font-size: 1.25rem;\n}\n<\/style>\n\t<\/div>\n\t\n\t<div id=\"gap-1030135949\" class=\"gap-element clearfix\" style=\"display:block; height:auto;\">\n\t\t\n<style>\n#gap-1030135949 {\n  padding-top: 30px;\n}\n<\/style>\n\t<\/div>\n\t\n\t\t<\/div>\n\t\t\t\t\t<\/div>\n\n\t\n\n\t<div id=\"col-1710901104\" class=\"col medium-6 small-12 large-6 small-col-first\"  >\n\t\t\t\t<div class=\"col-inner\"  >\n\t\t\t\n\t\t\t\n\n  <div class=\"banner has-hover fancy-banner-right\" id=\"banner-46861309\">\n          <div class=\"banner-inner fill\">\n        <div class=\"banner-bg fill\" >\n            <img loading=\"lazy\" decoding=\"async\" width=\"2000\" height=\"1304\" src=\"https:\/\/inoxtechnology.hu\/wp-content\/uploads\/2025\/02\/welder-welding-metal-with-argon-arc-welding-machin-2025-01-29-04-42-32-utc.webp\" class=\"bg attachment-original size-original\" alt=\"\" \/>                                    \n                    <\/div>\n\t\t\n        <div class=\"banner-layers container\">\n            <div class=\"fill banner-link\"><\/div>            \n   <div id=\"text-box-1959959529\" class=\"text-box banner-layer x50 md-x50 lg-x50 y50 md-y50 lg-y50 res-text\">\n                                <div class=\"text-box-content text dark\">\n              \n              <div class=\"text-inner text-center\">\n                  \n              <\/div>\n           <\/div>\n                            \n<style>\n#text-box-1959959529 {\n  width: 60%;\n}\n#text-box-1959959529 .text-box-content {\n  font-size: 100%;\n}\n@media (min-width:550px) {\n  #text-box-1959959529 {\n    width: 60%;\n  }\n}\n<\/style>\n    <\/div>\n \n        <\/div>\n      <\/div>\n\n            \n<style>\n#banner-46861309 {\n  padding-top: 340px;\n  background-color: rgb(255,255,255);\n}\n#banner-46861309 .banner-bg img {\n  object-position: 54% 100%;\n}\n<\/style>\n  <\/div>\n\n\n\t\t<\/div>\n\t\t\t\t\n<style>\n#col-1710901104 > .col-inner {\n  padding: 0px 0px 0px 60px;\n}\n<\/style>\n\t<\/div>\n\n\t\n<\/div>\n\t<div id=\"gap-118566482\" class=\"gap-element clearfix\" style=\"display:block; height:auto;\">\n\t\t\n<style>\n#gap-118566482 {\n  padding-top: 30px;\n}\n<\/style>\n\t<\/div>\n\t\n<div class=\"row\"  id=\"row-808535065\">\n\n\t<div id=\"col-1354460750\" class=\"col medium-6 small-12 large-6\"  >\n\t\t\t\t<div class=\"col-inner\"  >\n\t\t\t\n\t\t\t\n\n  <div class=\"banner has-hover fancy-banner-right\" id=\"banner-74341688\">\n          <div class=\"banner-inner fill\">\n        <div class=\"banner-bg fill\" >\n            <img loading=\"lazy\" decoding=\"async\" width=\"275\" height=\"183\" src=\"https:\/\/inoxtechnology.hu\/wp-content\/uploads\/2026\/04\/minta.jpg\" class=\"bg attachment-original size-original\" alt=\"\" \/>                                    \n                    <\/div>\n\t\t\n        <div class=\"banner-layers container\">\n            <div class=\"fill banner-link\"><\/div>            \n   <div id=\"text-box-344263186\" class=\"text-box banner-layer x50 md-x50 lg-x50 y50 md-y50 lg-y50 res-text\">\n                                <div class=\"text-box-content text dark\">\n              \n              <div class=\"text-inner text-center\">\n                  \n              <\/div>\n           <\/div>\n                            \n<style>\n#text-box-344263186 {\n  width: 60%;\n}\n#text-box-344263186 .text-box-content {\n  font-size: 100%;\n}\n@media (min-width:550px) {\n  #text-box-344263186 {\n    width: 60%;\n  }\n}\n<\/style>\n    <\/div>\n \n        <\/div>\n      <\/div>\n\n            \n<style>\n#banner-74341688 {\n  padding-top: 340px;\n  background-color: rgb(255,255,255);\n}\n#banner-74341688 .banner-bg img {\n  object-position: 58% 100%;\n}\n<\/style>\n  <\/div>\n\n\n\t\t<\/div>\n\t\t\t\t\n<style>\n#col-1354460750 > .col-inner {\n  padding: 0px 60px 0px 0px;\n}\n<\/style>\n\t<\/div>\n\n\t\n\n\t<div id=\"col-10023489\" class=\"col medium-6 small-12 large-6\"  >\n\t\t\t\t<div class=\"col-inner\"  >\n\t\t\t\n\t\t\t\n\t<div id=\"text-1799261377\" class=\"text\">\n\t\t\n<h3>Hegesztett rozsdamentes \u00e9s sz\u00e9nac\u00e9l term\u00e9kek gy\u00e1rt\u00e1sa<\/h3>\n<p>Technol\u00f3giai kapacit\u00e1sunk lehet\u0151v\u00e9 teszi k\u00fcl\u00f6nf\u00e9le hegeszt\u00e9si elj\u00e1r\u00e1sok alkalmaz\u00e1s\u00e1val <strong>gy\u00e1rtott szetkezetek<\/strong> elk\u00e9sz\u00edt\u00e9s\u00e9t. MIG, TIG, AVI \u00e9s AFI, valamint <strong>l\u00e9zer hegeszt\u00e9ssel,<\/strong> ak\u00e1r min\u0151s\u00edtett m\u00f3don. Gy\u00e1rtunk <strong>ipari k\u00f6rnyezetbe<\/strong> ac\u00e9lszerkezeteket, tart\u00f3kat, kont\u00e9nereket, mos\u00f3 kosarakat, \u00e9s egyedi rendszereket. <strong>Helysz\u00edni be\u00e9p\u00edt\u00e9s<\/strong> sor\u00e1n CO<sub>2<\/sub> v\u00e9d\u0151g\u00e1zas vagy ak\u00e1r AVI hegeszt\u00e9ssel is dolgozunk a feladat jelleg\u00e9t\u0151l f\u00fcgg\u0151en.<\/p>\n\t\t\n<style>\n#text-1799261377 {\n  font-size: 1.25rem;\n}\n<\/style>\n\t<\/div>\n\t\n\t<div id=\"gap-1172885310\" class=\"gap-element clearfix\" style=\"display:block; height:auto;\">\n\t\t\n<style>\n#gap-1172885310 {\n  padding-top: 30px;\n}\n<\/style>\n\t<\/div>\n\t\n\t\t<\/div>\n\t\t\t\t\t<\/div>\n\n\t\n<\/div>\n\t<div id=\"gap-117713875\" class=\"gap-element clearfix\" style=\"display:block; height:auto;\">\n\t\t\n<style>\n#gap-117713875 {\n  padding-top: 30px;\n}\n<\/style>\n\t<\/div>\n\t\n<div class=\"row\"  id=\"row-653276553\">\n\n\t<div id=\"col-314092904\" class=\"col medium-6 small-12 large-6\"  >\n\t\t\t\t<div class=\"col-inner\"  >\n\t\t\t\n\t\t\t\n\t<div id=\"text-3451447754\" class=\"text\">\n\t\t\n<h3>K\u00fcl\u00f6nf\u00e9le hegeszt\u00e9si elj\u00e1r\u00e1sok \u00e9s technol\u00f3giai kapacit\u00e1s<\/h3>\n<p>Technol\u00f3gi\u00e1nk kiterjed a <strong>l\u00e9zerv\u00e1g\u00e1s, l\u00e9zer hegeszt\u00e9s<\/strong> ter\u00fclet\u00e9re is, hamarosan a l\u00e9zer tiszt\u00edt\u00e1s is el\u00e9rhet\u0151v\u00e9 v\u00e1lik. Aluminium \u00e9s Rozsdamentes <strong>hegeszt\u00e9si<\/strong> elj\u00e1r\u00e1sokkal is napi szinten dolgozunk.\u00a0<\/p>\n<p>CNC vez\u00e9relt <strong>finom plazma<\/strong> v\u00e1g\u00e1s is el\u00e9rhet\u0151 technol\u00f3gi\u00e1nk k\u00f6z\u00f6tt.<\/p>\n\t\t\n<style>\n#text-3451447754 {\n  font-size: 1.25rem;\n}\n<\/style>\n\t<\/div>\n\t\n\t<div id=\"gap-515911749\" class=\"gap-element clearfix\" style=\"display:block; height:auto;\">\n\t\t\n<style>\n#gap-515911749 {\n  padding-top: 30px;\n}\n<\/style>\n\t<\/div>\n\t\n\t\t<\/div>\n\t\t\t\t\t<\/div>\n\n\t\n\n\t<div id=\"col-829854898\" class=\"col medium-6 small-12 large-6 small-col-first\"  >\n\t\t\t\t<div class=\"col-inner\"  >\n\t\t\t\n\t\t\t\n\n  <div class=\"banner has-hover fancy-banner-right\" id=\"banner-1567347799\">\n          <div class=\"banner-inner fill\">\n        <div class=\"banner-bg fill\" >\n            <img loading=\"lazy\" decoding=\"async\" width=\"265\" height=\"190\" src=\"https:\/\/inoxtechnology.hu\/wp-content\/uploads\/2026\/04\/hegesztes.jpg\" class=\"bg attachment-original size-original\" alt=\"\" \/>                                    \n                    <\/div>\n\t\t\n        <div class=\"banner-layers container\">\n            <div class=\"fill banner-link\"><\/div>            \n   <div id=\"text-box-1746467347\" class=\"text-box banner-layer x50 md-x50 lg-x50 y50 md-y50 lg-y50 res-text\">\n                                <div class=\"text-box-content text dark\">\n              \n              <div class=\"text-inner text-center\">\n                  \n              <\/div>\n           <\/div>\n                            \n<style>\n#text-box-1746467347 {\n  width: 60%;\n}\n#text-box-1746467347 .text-box-content {\n  font-size: 100%;\n}\n@media (min-width:550px) {\n  #text-box-1746467347 {\n    width: 60%;\n  }\n}\n<\/style>\n    <\/div>\n \n        <\/div>\n      <\/div>\n\n            \n<style>\n#banner-1567347799 {\n  padding-top: 340px;\n  background-color: rgb(255,255,255);\n}\n#banner-1567347799 .banner-bg img {\n  object-position: 74% 70%;\n}\n<\/style>\n  <\/div>\n\n\n\t\t<\/div>\n\t\t\t\t\n<style>\n#col-829854898 > .col-inner {\n  padding: 0px 0px 0px 60px;\n}\n<\/style>\n\t<\/div>\n\n\t\n<\/div>\n\t<div id=\"gap-462382805\" class=\"gap-element clearfix\" style=\"display:block; height:auto;\">\n\t\t\n<style>\n#gap-462382805 {\n  padding-top: 30px;\n}\n<\/style>\n\t<\/div>\n\t\n<div class=\"row\"  id=\"row-847772608\">\n\n\t<div id=\"col-824293102\" class=\"col medium-6 small-12 large-6\"  >\n\t\t\t\t<div class=\"col-inner\"  >\n\t\t\t\n\t\t\t\n\n  <div class=\"banner has-hover fancy-banner-right\" id=\"banner-624358851\">\n          <div class=\"banner-inner fill\">\n        <div class=\"banner-bg fill\" >\n            <img loading=\"lazy\" decoding=\"async\" width=\"600\" height=\"453\" src=\"https:\/\/inoxtechnology.hu\/wp-content\/uploads\/2025\/02\/289867_pic_600x500.webp\" class=\"bg attachment-original size-original\" alt=\"\" \/>                                    \n                    <\/div>\n\t\t\n        <div class=\"banner-layers container\">\n            <div class=\"fill banner-link\"><\/div>            \n   <div id=\"text-box-985075200\" class=\"text-box banner-layer x50 md-x50 lg-x50 y50 md-y50 lg-y50 res-text\">\n                                <div class=\"text-box-content text dark\">\n              \n              <div class=\"text-inner text-center\">\n                  \n              <\/div>\n           <\/div>\n                            \n<style>\n#text-box-985075200 {\n  width: 60%;\n}\n#text-box-985075200 .text-box-content {\n  font-size: 100%;\n}\n@media (min-width:550px) {\n  #text-box-985075200 {\n    width: 60%;\n  }\n}\n<\/style>\n    <\/div>\n \n        <\/div>\n      <\/div>\n\n            \n<style>\n#banner-624358851 {\n  padding-top: 340px;\n  background-color: rgb(255,255,255);\n}\n#banner-624358851 .banner-bg img {\n  object-position: 70% 67%;\n}\n<\/style>\n  <\/div>\n\n\n\t\t<\/div>\n\t\t\t\t\n<style>\n#col-824293102 > .col-inner {\n  padding: 0px 60px 0px 0px;\n}\n<\/style>\n\t<\/div>\n\n\t\n\n\t<div id=\"col-1073413541\" class=\"col medium-6 small-12 large-6\"  >\n\t\t\t\t<div class=\"col-inner\"  >\n\t\t\t\n\t\t\t\n\t<div id=\"text-1284492645\" class=\"text\">\n\t\t\n<h3>Speci\u00e1lis egyedi \u00e9p\u00edt\u0151ipari ac\u00e9lszerkezetek gy\u00e1rt\u00e1s\u00e1<\/h3>\n<p>C\u00e9g\u00fcnk egyik er\u0151ss\u00e9ge\u00a0 a speci\u00e1lis \u00e9p\u00edt\u0151ipari ac\u00e9lszerkezetek gy\u00e1rt\u00e1sa \u00e9s telep\u00edt\u00e9se. Mi gy\u00e1rtottuk \u00e9s telep\u00edtett\u00fck a <strong>Bodajki Seg\u00edt\u0151 Sz\u0171z M\u00e1ria Kegyhely<\/strong> rozsdamentes amb\u00f3inak, olt\u00e1r\u00e1nak \u00e9s egy\u00e9b elemeinek gy\u00e1rt\u00e1s\u00e1t \u00e9s kivitelez\u00e9s\u00e9t.<\/p>\n<p><strong>Tov\u00e1bb\u00e1<\/strong> csarnokv\u00e9delemi elemek, korl\u00e1t \u00e9s aknafedlapok gy\u00e1rt\u00e1s\u00e1t is folymatosan v\u00e9gezz\u00fck.<\/p>\n\t\t\n<style>\n#text-1284492645 {\n  font-size: 1.25rem;\n}\n<\/style>\n\t<\/div>\n\t\n\t<div id=\"gap-519250129\" class=\"gap-element clearfix\" style=\"display:block; height:auto;\">\n\t\t\n<style>\n#gap-519250129 {\n  padding-top: 30px;\n}\n<\/style>\n\t<\/div>\n\t\n\t\t<\/div>\n\t\t\t\t\t<\/div>\n\n\t\n<\/div>\n\t<div id=\"gap-2045860658\" class=\"gap-element clearfix\" style=\"display:block; height:auto;\">\n\t\t\n<style>\n#gap-2045860658 {\n  padding-top: 30px;\n}\n<\/style>\n\t<\/div>\n\t\n<div class=\"row\"  id=\"row-2090918666\">\n\n\t<div id=\"col-1054095334\" class=\"col medium-6 small-12 large-6\"  >\n\t\t\t\t<div class=\"col-inner\"  >\n\t\t\t\n\t\t\t\n\t<div id=\"text-1850562188\" class=\"text\">\n\t\t\n<h3>K\u00fcl\u00f6nleges gy\u00e1rt\u00e1si ter\u00fcleteink:<\/h3>\n<p><strong>Design<\/strong> radi\u00e1torrok gy\u00e1rt\u00e1sa, <strong>Sz\u00e9ll K\u00e1lm\u00e1n T\u00e9r<\/strong> rozsdamentes \u00e9s ac\u00e9l elemeinek gy\u00e1rt\u00e1sa, kivitelez\u00e9se. <strong>B\u00e9k\u00e9s V\u00e1ros<\/strong> Bor K\u00fat gy\u00e1rt\u00e1sa, <strong>Paksi Term\u00e1lf\u00fcrd\u0151<\/strong> rozsdamentes korl\u00e1tainak gy\u00e1rt\u00e1sa. Csak n\u00e9h\u00e1ny a speci\u00e1lis \u00e1ltalunk k\u00e9sz\u00edtett term\u00e9kekb\u0151l. Amennyiben \u00d6nnek is hasonl\u00f3 k\u00fcl\u00f6nleges k\u00e9r\u00e9se van, keressen minket el\u00e9rhet\u0151s\u00e9geinken: inox@inoxtechnology.hu<\/p>\n\t\t\n<style>\n#text-1850562188 {\n  font-size: 1.25rem;\n}\n<\/style>\n\t<\/div>\n\t\n\t<div id=\"gap-902785692\" class=\"gap-element clearfix\" style=\"display:block; height:auto;\">\n\t\t\n<style>\n#gap-902785692 {\n  padding-top: 30px;\n}\n<\/style>\n\t<\/div>\n\t\n\t\t<\/div>\n\t\t\t\t\t<\/div>\n\n\t\n\n\t<div id=\"col-2098604501\" class=\"col medium-6 small-12 large-6 small-col-first\"  >\n\t\t\t\t<div class=\"col-inner\"  >\n\t\t\t\n\t\t\t\n\n  <div class=\"banner has-hover fancy-banner-right\" id=\"banner-1876166478\">\n          <div class=\"banner-inner fill\">\n        <div class=\"banner-bg fill\" >\n            <img loading=\"lazy\" decoding=\"async\" width=\"600\" height=\"360\" src=\"https:\/\/inoxtechnology.hu\/wp-content\/uploads\/2025\/02\/257629_pic_600x500.webp\" class=\"bg attachment-original size-original\" alt=\"\" \/>                                    \n                    <\/div>\n\t\t\n        <div class=\"banner-layers container\">\n            <div class=\"fill banner-link\"><\/div>            \n   <div id=\"text-box-1694937240\" class=\"text-box banner-layer x50 md-x50 lg-x50 y50 md-y50 lg-y50 res-text\">\n                                <div class=\"text-box-content text dark\">\n              \n              <div class=\"text-inner text-center\">\n                  \n              <\/div>\n           <\/div>\n                            \n<style>\n#text-box-1694937240 {\n  width: 60%;\n}\n#text-box-1694937240 .text-box-content {\n  font-size: 100%;\n}\n@media (min-width:550px) {\n  #text-box-1694937240 {\n    width: 60%;\n  }\n}\n<\/style>\n    <\/div>\n \n        <\/div>\n      <\/div>\n\n            \n<style>\n#banner-1876166478 {\n  padding-top: 340px;\n  background-color: rgb(255,255,255);\n}\n#banner-1876166478 .banner-bg img {\n  object-position: 54% 100%;\n}\n<\/style>\n  <\/div>\n\n\n\t\t<\/div>\n\t\t\t\t\n<style>\n#col-2098604501 > .col-inner {\n  padding: 0px 0px 0px 60px;\n}\n<\/style>\n\t<\/div>\n\n\t\n<\/div>\n\t<div id=\"gap-1582435603\" class=\"gap-element clearfix\" style=\"display:block; height:auto;\">\n\t\t\n<style>\n#gap-1582435603 {\n  padding-top: 30px;\n}\n<\/style>\n\t<\/div>\n\t\n\t<div id=\"gap-2049429157\" class=\"gap-element clearfix\" style=\"display:block; height:auto;\">\n\t\t\n<style>\n#gap-2049429157 {\n  padding-top: 30px;\n}\n<\/style>\n\t<\/div>\n\t\n\t\t<\/div>\n\n\t\t\n<style>\n#section_1876499945 {\n  padding-top: 0px;\n  padding-bottom: 0px;\n}\n<\/style>\n\t<\/section>\n\t\n\n","protected":false},"excerpt":{"rendered":"","protected":false},"author":1,"featured_media":0,"parent":0,"menu_order":0,"comment_status":"closed","ping_status":"closed","template":"page-blank.php","meta":{"footnotes":""},"class_list":["post-121","page","type-page","status-publish","hentry"],"_links":{"self":[{"href":"https:\/\/inoxtechnology.hu\/index.php\/wp-json\/wp\/v2\/pages\/121","targetHints":{"allow":["GET"]}}],"collection":[{"href":"https:\/\/inoxtechnology.hu\/index.php\/wp-json\/wp\/v2\/pages"}],"about":[{"href":"https:\/\/inoxtechnology.hu\/index.php\/wp-json\/wp\/v2\/types\/page"}],"author":[{"embeddable":true,"href":"https:\/\/inoxtechnology.hu\/index.php\/wp-json\/wp\/v2\/users\/1"}],"replies":[{"embeddable":true,"href":"https:\/\/inoxtechnology.hu\/index.php\/wp-json\/wp\/v2\/comments?post=121"}],"version-history":[{"count":40,"href":"https:\/\/inoxtechnology.hu\/index.php\/wp-json\/wp\/v2\/pages\/121\/revisions"}],"predecessor-version":[{"id":1070,"href":"https:\/\/inoxtechnology.hu\/index.php\/wp-json\/wp\/v2\/pages\/121\/revisions\/1070"}],"wp:attachment":[{"href":"https:\/\/inoxtechnology.hu\/index.php\/wp-json\/wp\/v2\/media?parent=121"}],"curies":[{"name":"wp","href":"https:\/\/api.w.org\/{rel}","templated":true}]}}