{"id":117,"date":"2024-12-12T16:09:06","date_gmt":"2024-12-12T16:09:06","guid":{"rendered":"https:\/\/pkl.cegem360.hu\/?page_id=117"},"modified":"2025-06-25T11:47:16","modified_gmt":"2025-06-25T11:47:16","slug":"hirek","status":"publish","type":"page","link":"https:\/\/inoxtechnology.hu\/index.php\/hirek\/","title":{"rendered":"H\u00edrek"},"content":{"rendered":"\n  <div class=\"banner has-hover\" id=\"banner-254347569\">\n          <div class=\"banner-inner fill\">\n        <div class=\"banner-bg fill\" >\n            <img loading=\"lazy\" decoding=\"async\" width=\"2000\" height=\"1000\" src=\"https:\/\/inoxtechnology.hu\/wp-content\/uploads\/2025\/02\/team-engineer-man-working-with-laptop-and-inspecti-2025-01-10-12-43-16-utc.webp\" class=\"bg attachment-original size-original\" alt=\"\" \/>                        <div class=\"overlay\"><\/div>            \n                    <\/div>\n\t\t\n        <div class=\"banner-layers container\">\n            <div class=\"fill banner-link\"><\/div>            \n   <div id=\"text-box-1808293538\" class=\"text-box banner-layer x0 md-x0 lg-x0 y50 md-y50 lg-y50 res-text\">\n                                <div class=\"text-box-content text dark\">\n              \n              <div class=\"text-inner text-left\">\n                  \n<h2 class=\"uppercase\"><strong>H\u00edreink<\/strong><\/h2>\n              <\/div>\n           <\/div>\n                            \n<style>\n#text-box-1808293538 {\n  width: 85%;\n}\n#text-box-1808293538 .text-box-content {\n  font-size: 100%;\n}\n@media (min-width:550px) {\n  #text-box-1808293538 {\n    width: 50%;\n  }\n}\n<\/style>\n    <\/div>\n \n        <\/div>\n      <\/div>\n\n            \n<style>\n#banner-254347569 {\n  padding-top: 300px;\n}\n#banner-254347569 .overlay {\n  background-color: rgba(0,0,0,.5);\n}\n#banner-254347569 .banner-bg img {\n  object-position: 86% 76%;\n}\n@media (min-width:550px) {\n  #banner-254347569 {\n    padding-top: 300px;\n  }\n}\n<\/style>\n  <\/div>\n\n\n\t<div id=\"gap-453683531\" class=\"gap-element clearfix\" style=\"display:block; height:auto;\">\n\t\t\n<style>\n#gap-453683531 {\n  padding-top: 30px;\n}\n<\/style>\n\t<\/div>\n\t\n\n\t<section class=\"section\" id=\"section_1496753147\">\n\t\t<div class=\"section-bg fill\" >\n\t\t\t\t\t\t\t\t\t\n\t\t\t\n\n\t\t<\/div>\n\n\t\t\n\n\t\t<div class=\"section-content relative\">\n\t\t\t\n<div class=\"row\"  id=\"row-396618407\">\n\n\t<div id=\"col-352384426\" class=\"col small-12 large-12\"  >\n\t\t\t\t<div class=\"col-inner\"  >\n\t\t\t\n\t\t\t\n\n  \n    <div class=\"row large-columns-3 medium-columns-1 small-columns-1 slider row-slider slider-nav-reveal slider-nav-push\"  data-flickity-options='{&quot;imagesLoaded&quot;: true, &quot;groupCells&quot;: &quot;100%&quot;, &quot;dragThreshold&quot; : 5, &quot;cellAlign&quot;: &quot;left&quot;,&quot;wrapAround&quot;: true,&quot;prevNextButtons&quot;: true,&quot;percentPosition&quot;: true,&quot;pageDots&quot;: false, &quot;rightToLeft&quot;: false, &quot;autoPlay&quot; : false}' >\n\n  <div class=\"col post-item\" >\n\t\t\t<div class=\"col-inner\">\n\t\t\t\t<div class=\"box box-normal box-text-bottom box-blog-post has-hover\">\n          \t\t\t\t\t<div class=\"box-text text-center\" >\n\t\t\t\t\t<div class=\"box-text-inner blog-post-inner\">\n\n\t\t\t\t\t\n\t\t\t\t\t\t\t\t\t\t<h5 class=\"post-title is-large \">\n\t\t\t\t\t\t<a href=\"https:\/\/inoxtechnology.hu\/index.php\/2025\/06\/03\/cegunk-a-ginop-6-1-6-17-2018-00858-palyazat-kereteben\/\" class=\"plain\">C\u00e9g\u00fcnk a GINOP 6.1.6-17-2018-00858 p\u00e1ly\u00e1zat keret\u00e9ben<\/a>\n\t\t\t\t\t<\/h5>\n\t\t\t\t\t<div class=\"post-meta is-small op-8\">2025.06.03.<\/div>\t\t\t\t\t<div class=\"is-divider\"><\/div>\n\t\t\t\t\t\t\t\t\t\t<p class=\"from_the_blog_excerpt \">\n\t\t\t\t\t\tC\u00e9g\u00fcnk a GINOP 6.1.6-17-2018-00858 p\u00e1ly\u00e1zat keret\u00e9ben, 50 %-os vissza nem t\u00e9r\u00edtend\u0151 t\u00e1mogat\u00e1ssal \u00e1tfog\u00f3 munkav\u00e1llal\u00f3i k\u00e9pz\u00e9sprogramot [...]\t\t\t\t\t<\/p>\n\t\t\t\t\t                    \n\t\t\t\t\t\n\t\t\t\t\t\n\t\t\t\t\t<\/div>\n\t\t\t\t\t<\/div>\n\t\t\t\t\t\t\t\t\t<\/div>\n\t\t\t<\/div>\n\t\t<\/div><div class=\"col post-item\" >\n\t\t\t<div class=\"col-inner\">\n\t\t\t\t<div class=\"box box-normal box-text-bottom box-blog-post has-hover\">\n          \t\t\t\t\t<div class=\"box-text text-center\" >\n\t\t\t\t\t<div class=\"box-text-inner blog-post-inner\">\n\n\t\t\t\t\t\n\t\t\t\t\t\t\t\t\t\t<h5 class=\"post-title is-large \">\n\t\t\t\t\t\t<a href=\"https:\/\/inoxtechnology.hu\/index.php\/2025\/06\/03\/cegunk-a-ginop-6-1-6-17-es-palyazat-kereteben-megvalositott-tobb-teruleten-5-fo-munkavallalo-tovabbkepzeset\/\" class=\"plain\">C\u00e9g\u00fcnk a GINOP 6.1.6.17 -es p\u00e1ly\u00e1zat keret\u00e9ben megval\u00f3s\u00edtott t\u00f6bb ter\u00fcleten 5 f\u0151 munkav\u00e1llal\u00f3 tov\u00e1bbk\u00e9pz\u00e9s\u00e9t.<\/a>\n\t\t\t\t\t<\/h5>\n\t\t\t\t\t<div class=\"post-meta is-small op-8\">2025.06.03.<\/div>\t\t\t\t\t<div class=\"is-divider\"><\/div>\n\t\t\t\t\t\t\t\t\t\t<p class=\"from_the_blog_excerpt \">\n\t\t\t\t\t\tC\u00e9g\u00fcnk a GINOP 6.1.6.17 -es p\u00e1ly\u00e1zat keret\u00e9ben megval\u00f3s\u00edtott t\u00f6bb ter\u00fcleten 5 f\u0151 munkav\u00e1llal\u00f3 tov\u00e1bbk\u00e9pz\u00e9s\u00e9t. C\u00e9g\u00fcnk [...]\t\t\t\t\t<\/p>\n\t\t\t\t\t                    \n\t\t\t\t\t\n\t\t\t\t\t\n\t\t\t\t\t<\/div>\n\t\t\t\t\t<\/div>\n\t\t\t\t\t\t\t\t\t<\/div>\n\t\t\t<\/div>\n\t\t<\/div><div class=\"col post-item\" >\n\t\t\t<div class=\"col-inner\">\n\t\t\t\t<div class=\"box box-normal box-text-bottom box-blog-post has-hover\">\n          \t\t\t\t\t<div class=\"box-text text-center\" >\n\t\t\t\t\t<div class=\"box-text-inner blog-post-inner\">\n\n\t\t\t\t\t\n\t\t\t\t\t\t\t\t\t\t<h5 class=\"post-title is-large \">\n\t\t\t\t\t\t<a href=\"https:\/\/inoxtechnology.hu\/index.php\/2025\/06\/03\/cegunk-technologiai-fejlesztest-hajtott-vegre-a-ginop-8-3-5-18-a-hitelprogram-kereteben\/\" class=\"plain\">C\u00e9g\u00fcnk technol\u00f3giai fejleszt\u00e9st hajtott v\u00e9gre a GINOP-8.3.5-18\/A hitelprogram keret\u00e9ben.<\/a>\n\t\t\t\t\t<\/h5>\n\t\t\t\t\t<div class=\"post-meta is-small op-8\">2025.06.03.<\/div>\t\t\t\t\t<div class=\"is-divider\"><\/div>\n\t\t\t\t\t\t\t\t\t\t<p class=\"from_the_blog_excerpt \">\n\t\t\t\t\t\tC\u00e9g\u00fcnk technol\u00f3giai fejleszt\u00e9st hajtott v\u00e9gre a GINOP-8.3.5-18\/A hitelprogram keret\u00e9ben. C\u00e9g\u00fcnk a technol\u00f3giai k\u00e9pess\u00e9geinek fejleszt\u00e9se \u00e9rdek\u00e9ben [...]\t\t\t\t\t<\/p>\n\t\t\t\t\t                    \n\t\t\t\t\t\n\t\t\t\t\t\n\t\t\t\t\t<\/div>\n\t\t\t\t\t<\/div>\n\t\t\t\t\t\t\t\t\t<\/div>\n\t\t\t<\/div>\n\t\t<\/div><div class=\"col post-item\" >\n\t\t\t<div class=\"col-inner\">\n\t\t\t\t<div class=\"box box-normal box-text-bottom box-blog-post has-hover\">\n            \t\t\t\t\t<div class=\"box-image\" >\n  \t\t\t\t\t\t<div class=\"image-cover\" style=\"padding-top:56.25%;\">\n\t\t\t\t\t\t\t<a href=\"https:\/\/inoxtechnology.hu\/index.php\/2024\/12\/12\/ipari-legtisztito-berendezes\/\" class=\"plain\" aria-label=\"Ipari l\u00e9gtiszt\u00edt\u00f3 berendez\u00e9s &#8211; bemutat\u00e1sa az Ipar Napjai 2025 ki\u00e1ll\u00edt\u00e1son\">\n\t\t\t\t\t\t\t\t<img loading=\"lazy\" decoding=\"async\" width=\"150\" height=\"300\" src=\"https:\/\/inoxtechnology.hu\/wp-content\/uploads\/2024\/12\/03-150x300.jpg\" class=\"attachment-medium size-medium wp-post-image\" alt=\"\" srcset=\"https:\/\/inoxtechnology.hu\/wp-content\/uploads\/2024\/12\/03-150x300.jpg 150w, https:\/\/inoxtechnology.hu\/wp-content\/uploads\/2024\/12\/03.jpg 250w\" sizes=\"auto, (max-width: 150px) 100vw, 150px\" \/>\t\t\t\t\t\t\t<\/a>\n  \t\t\t\t\t\t\t  \t\t\t\t\t\t\t  \t\t\t\t\t\t<\/div>\n  \t\t\t\t\t\t  \t\t\t\t\t<\/div>\n          \t\t\t\t\t<div class=\"box-text text-center\" >\n\t\t\t\t\t<div class=\"box-text-inner blog-post-inner\">\n\n\t\t\t\t\t\n\t\t\t\t\t\t\t\t\t\t<h5 class=\"post-title is-large \">\n\t\t\t\t\t\t<a href=\"https:\/\/inoxtechnology.hu\/index.php\/2024\/12\/12\/ipari-legtisztito-berendezes\/\" class=\"plain\">Ipari l\u00e9gtiszt\u00edt\u00f3 berendez\u00e9s &#8211; bemutat\u00e1sa az Ipar Napjai 2025 ki\u00e1ll\u00edt\u00e1son<\/a>\n\t\t\t\t\t<\/h5>\n\t\t\t\t\t\t\t\t\t\t<div class=\"is-divider\"><\/div>\n\t\t\t\t\t\t\t\t\t\t<p class=\"from_the_blog_excerpt \">\n\t\t\t\t\t\tC\u00e9g\u00fcnk forgalmazni kezdte az ILK-5000 t\u00edpus\u00fa ipari l\u00e9gtiszt\u00edt\u00f3 berendez\u00e9st. A berendez\u00e9s ipari csarnokok szennyezett nagy [...]\t\t\t\t\t<\/p>\n\t\t\t\t\t                    \n\t\t\t\t\t\n\t\t\t\t\t\n\t\t\t\t\t<\/div>\n\t\t\t\t\t<\/div>\n\t\t\t\t\t\t\t\t\t\t\t\t\t\t\t\t<div class=\"badge absolute top post-date badge-outline\">\n\t\t\t\t\t\t\t<div class=\"badge-inner\">\n\t\t\t\t\t\t\t\t<span class=\"post-date-day\">12<\/span><br>\n\t\t\t\t\t\t\t\t<span class=\"post-date-month is-xsmall\">dec<\/span>\n\t\t\t\t\t\t\t<\/div>\n\t\t\t\t\t\t<\/div>\n\t\t\t\t\t\t\t\t\t<\/div>\n\t\t\t<\/div>\n\t\t<\/div><div class=\"col post-item\" >\n\t\t\t<div class=\"col-inner\">\n\t\t\t\t<div class=\"box box-normal box-text-bottom box-blog-post has-hover\">\n            \t\t\t\t\t<div class=\"box-image\" >\n  \t\t\t\t\t\t<div class=\"image-cover\" style=\"padding-top:56.25%;\">\n\t\t\t\t\t\t\t<a href=\"https:\/\/inoxtechnology.hu\/index.php\/2024\/12\/12\/innovative-vet-scalable-micro-credential-solutions-that-engage-explore-explain\/\" class=\"plain\" aria-label=\"Innovative VET Scalable Micro-Credential Solutions that Engage, Explore, Explain&#8230;.\">\n\t\t\t\t\t\t\t\t<img loading=\"lazy\" decoding=\"async\" width=\"300\" height=\"225\" src=\"https:\/\/inoxtechnology.hu\/wp-content\/uploads\/2024\/12\/02-300x225.jpg\" class=\"attachment-medium size-medium wp-post-image\" alt=\"\" srcset=\"https:\/\/inoxtechnology.hu\/wp-content\/uploads\/2024\/12\/02-300x225.jpg 300w, https:\/\/inoxtechnology.hu\/wp-content\/uploads\/2024\/12\/02.jpg 600w\" sizes=\"auto, (max-width: 300px) 100vw, 300px\" \/>\t\t\t\t\t\t\t<\/a>\n  \t\t\t\t\t\t\t  \t\t\t\t\t\t\t  \t\t\t\t\t\t<\/div>\n  \t\t\t\t\t\t  \t\t\t\t\t<\/div>\n          \t\t\t\t\t<div class=\"box-text text-center\" >\n\t\t\t\t\t<div class=\"box-text-inner blog-post-inner\">\n\n\t\t\t\t\t\n\t\t\t\t\t\t\t\t\t\t<h5 class=\"post-title is-large \">\n\t\t\t\t\t\t<a href=\"https:\/\/inoxtechnology.hu\/index.php\/2024\/12\/12\/innovative-vet-scalable-micro-credential-solutions-that-engage-explore-explain\/\" class=\"plain\">Innovative VET Scalable Micro-Credential Solutions that Engage, Explore, Explain&#8230;.<\/a>\n\t\t\t\t\t<\/h5>\n\t\t\t\t\t\t\t\t\t\t<div class=\"is-divider\"><\/div>\n\t\t\t\t\t\t\t\t\t\t<p class=\"from_the_blog_excerpt \">\n\t\t\t\t\t\tC\u00e9g\u00fcnk r\u00e9szt vesz az Eur\u00f3pai \u00dani\u00f3 \u00e1ltal t\u00e1mogatott hegeszt\u0151k k\u00e9pz\u00e9s\u00e9t \u00e9s oktat\u00e1si rendszer\u00fcknek fejleszt\u00e9s\u00e9t t\u00e1mogat\u00f3 [...]\t\t\t\t\t<\/p>\n\t\t\t\t\t                    \n\t\t\t\t\t\n\t\t\t\t\t\n\t\t\t\t\t<\/div>\n\t\t\t\t\t<\/div>\n\t\t\t\t\t\t\t\t\t\t\t\t\t\t\t\t<div class=\"badge absolute top post-date badge-outline\">\n\t\t\t\t\t\t\t<div class=\"badge-inner\">\n\t\t\t\t\t\t\t\t<span class=\"post-date-day\">12<\/span><br>\n\t\t\t\t\t\t\t\t<span class=\"post-date-month is-xsmall\">dec<\/span>\n\t\t\t\t\t\t\t<\/div>\n\t\t\t\t\t\t<\/div>\n\t\t\t\t\t\t\t\t\t<\/div>\n\t\t\t<\/div>\n\t\t<\/div><div class=\"col post-item\" >\n\t\t\t<div class=\"col-inner\">\n\t\t\t\t<div class=\"box box-normal box-text-bottom box-blog-post has-hover\">\n            \t\t\t\t\t<div class=\"box-image\" >\n  \t\t\t\t\t\t<div class=\"image-cover\" style=\"padding-top:56.25%;\">\n\t\t\t\t\t\t\t<a href=\"https:\/\/inoxtechnology.hu\/index.php\/2024\/12\/12\/technologiai-fejlesztes-a-ginop-8-3-5-18-a-palyazattal\/\" class=\"plain\" aria-label=\"Technologiai Fejleszt\u00e9s a GINOP-8.3.5-18\/A p\u00e1ly\u00e1zattal\">\n\t\t\t\t\t\t\t\t<img loading=\"lazy\" decoding=\"async\" width=\"300\" height=\"188\" src=\"https:\/\/inoxtechnology.hu\/wp-content\/uploads\/2024\/12\/01-300x188.jpg\" class=\"attachment-medium size-medium wp-post-image\" alt=\"\" srcset=\"https:\/\/inoxtechnology.hu\/wp-content\/uploads\/2024\/12\/01-300x188.jpg 300w, https:\/\/inoxtechnology.hu\/wp-content\/uploads\/2024\/12\/01.jpg 600w\" sizes=\"auto, (max-width: 300px) 100vw, 300px\" \/>\t\t\t\t\t\t\t<\/a>\n  \t\t\t\t\t\t\t  \t\t\t\t\t\t\t  \t\t\t\t\t\t<\/div>\n  \t\t\t\t\t\t  \t\t\t\t\t<\/div>\n          \t\t\t\t\t<div class=\"box-text text-center\" >\n\t\t\t\t\t<div class=\"box-text-inner blog-post-inner\">\n\n\t\t\t\t\t\n\t\t\t\t\t\t\t\t\t\t<h5 class=\"post-title is-large \">\n\t\t\t\t\t\t<a href=\"https:\/\/inoxtechnology.hu\/index.php\/2024\/12\/12\/technologiai-fejlesztes-a-ginop-8-3-5-18-a-palyazattal\/\" class=\"plain\">Technologiai Fejleszt\u00e9s a GINOP-8.3.5-18\/A p\u00e1ly\u00e1zattal<\/a>\n\t\t\t\t\t<\/h5>\n\t\t\t\t\t\t\t\t\t\t<div class=\"is-divider\"><\/div>\n\t\t\t\t\t\t\t\t\t\t<p class=\"from_the_blog_excerpt \">\n\t\t\t\t\t\tC\u00e9g\u00fcnk technol\u00f3giai fejleszt\u00e9st hajtott v\u00e9gre a GINOP-8.3.5-18\/A hitelprogram keret\u00e9ben. C\u00e9g\u00fcnk a technol\u00f3giai k\u00e9pess\u00e9geinek fejleszt\u00e9se \u00e9rdek\u00e9ben [...]\t\t\t\t\t<\/p>\n\t\t\t\t\t                    \n\t\t\t\t\t\n\t\t\t\t\t\n\t\t\t\t\t<\/div>\n\t\t\t\t\t<\/div>\n\t\t\t\t\t\t\t\t\t\t\t\t\t\t\t\t<div class=\"badge absolute top post-date badge-outline\">\n\t\t\t\t\t\t\t<div class=\"badge-inner\">\n\t\t\t\t\t\t\t\t<span class=\"post-date-day\">12<\/span><br>\n\t\t\t\t\t\t\t\t<span class=\"post-date-month is-xsmall\">dec<\/span>\n\t\t\t\t\t\t\t<\/div>\n\t\t\t\t\t\t<\/div>\n\t\t\t\t\t\t\t\t\t<\/div>\n\t\t\t<\/div>\n\t\t<\/div><\/div>\n\t\t<\/div>\n\t\t\t\t\t<\/div>\n\n\t\n<\/div>\n\t\t<\/div>\n\n\t\t\n<style>\n#section_1496753147 {\n  padding-top: 30px;\n  padding-bottom: 30px;\n}\n<\/style>\n\t<\/section>\n\t\n","protected":false},"excerpt":{"rendered":"","protected":false},"author":1,"featured_media":0,"parent":0,"menu_order":0,"comment_status":"closed","ping_status":"closed","template":"page-blank.php","meta":{"footnotes":""},"class_list":["post-117","page","type-page","status-publish","hentry"],"_links":{"self":[{"href":"https:\/\/inoxtechnology.hu\/index.php\/wp-json\/wp\/v2\/pages\/117","targetHints":{"allow":["GET"]}}],"collection":[{"href":"https:\/\/inoxtechnology.hu\/index.php\/wp-json\/wp\/v2\/pages"}],"about":[{"href":"https:\/\/inoxtechnology.hu\/index.php\/wp-json\/wp\/v2\/types\/page"}],"author":[{"embeddable":true,"href":"https:\/\/inoxtechnology.hu\/index.php\/wp-json\/wp\/v2\/users\/1"}],"replies":[{"embeddable":true,"href":"https:\/\/inoxtechnology.hu\/index.php\/wp-json\/wp\/v2\/comments?post=117"}],"version-history":[{"count":6,"href":"https:\/\/inoxtechnology.hu\/index.php\/wp-json\/wp\/v2\/pages\/117\/revisions"}],"predecessor-version":[{"id":892,"href":"https:\/\/inoxtechnology.hu\/index.php\/wp-json\/wp\/v2\/pages\/117\/revisions\/892"}],"wp:attachment":[{"href":"https:\/\/inoxtechnology.hu\/index.php\/wp-json\/wp\/v2\/media?parent=117"}],"curies":[{"name":"wp","href":"https:\/\/api.w.org\/{rel}","templated":true}]}}