{"id":115,"date":"2024-12-12T16:08:52","date_gmt":"2024-12-12T16:08:52","guid":{"rendered":"https:\/\/pkl.cegem360.hu\/?page_id=115"},"modified":"2026-04-16T12:27:47","modified_gmt":"2026-04-16T12:27:47","slug":"kapcsolat","status":"publish","type":"page","link":"https:\/\/inoxtechnology.hu\/index.php\/kapcsolat\/","title":{"rendered":"Kapcsolat"},"content":{"rendered":"\n  <div class=\"banner has-hover\" id=\"banner-1444600977\">\n          <div class=\"banner-inner fill\">\n        <div class=\"banner-bg fill\" >\n            <img loading=\"lazy\" decoding=\"async\" width=\"2000\" height=\"1000\" src=\"https:\/\/inoxtechnology.hu\/wp-content\/uploads\/2025\/02\/team-engineer-man-working-with-laptop-and-inspecti-2025-01-10-12-43-16-utc.webp\" class=\"bg attachment-original size-original\" alt=\"\" \/>                        <div class=\"overlay\"><\/div>            \n                    <\/div>\n\t\t\n        <div class=\"banner-layers container\">\n            <div class=\"fill banner-link\"><\/div>            \n   <div id=\"text-box-568996305\" class=\"text-box banner-layer x0 md-x0 lg-x0 y50 md-y50 lg-y50 res-text\">\n                                <div class=\"text-box-content text dark\">\n              \n              <div class=\"text-inner text-left\">\n                  \n<h2 class=\"uppercase\"><strong>Kapcsolat<\/strong><\/h2>\n\t<div id=\"gap-1356565145\" class=\"gap-element clearfix\" style=\"display:block; height:auto;\">\n\t\t\n<style>\n#gap-1356565145 {\n  padding-top: 15px;\n}\n<\/style>\n\t<\/div>\n\t\n<p>El\u00e9rhet\u0151s\u00e9geink \u00e9s nyitvatart\u00e1si id\u0151nk<\/p>\n              <\/div>\n           <\/div>\n                            \n<style>\n#text-box-568996305 {\n  width: 85%;\n}\n#text-box-568996305 .text-box-content {\n  font-size: 100%;\n}\n@media (min-width:550px) {\n  #text-box-568996305 {\n    width: 50%;\n  }\n}\n<\/style>\n    <\/div>\n \n        <\/div>\n      <\/div>\n\n            \n<style>\n#banner-1444600977 {\n  padding-top: 300px;\n}\n#banner-1444600977 .overlay {\n  background-color: rgba(0,0,0,.5);\n}\n#banner-1444600977 .banner-bg img {\n  object-position: 86% 68%;\n}\n@media (min-width:550px) {\n  #banner-1444600977 {\n    padding-top: 300px;\n  }\n}\n<\/style>\n  <\/div>\n\n\n\t<div id=\"gap-1399790540\" class=\"gap-element clearfix\" style=\"display:block; height:auto;\">\n\t\t\n<style>\n#gap-1399790540 {\n  padding-top: 60px;\n}\n<\/style>\n\t<\/div>\n\t\n\n\t<section class=\"section\" id=\"section_469905062\">\n\t\t<div class=\"section-bg fill\" >\n\t\t\t\t\t\t\t\t\t\n\t\t\t\n\n\t\t<\/div>\n\n\t\t\n\n\t\t<div class=\"section-content relative\">\n\t\t\t\n<div class=\"row\"  id=\"row-841408178\">\n\n\t<div id=\"col-1074986636\" class=\"col medium-6 small-12 large-6\"  >\n\t\t\t\t<div class=\"col-inner\"  >\n\t\t\t\n\t\t\t\n<h3 data-start=\"0\" data-end=\"49\"><strong data-start=\"0\" data-end=\"49\">Kapcsolatfelv\u00e9tel az INOX Technology Kft.-vel<\/strong><\/h3>\n<p data-start=\"51\" data-end=\"233\">Amennyiben b\u00e1rmilyen k\u00e9rd\u00e9se van term\u00e9keinkkel vagy szolg\u00e1ltat\u00e1sainkkal kapcsolatban, esetleg \u00e1raj\u00e1nlatot szeretne k\u00e9rni, k\u00e9rj\u00fck, l\u00e9pjen kapcsolatba vel\u00fcnk az al\u00e1bbi el\u00e9rhet\u0151s\u00e9geken:<\/p>\n<h4 data-start=\"235\" data-end=\"253\"><strong data-start=\"235\" data-end=\"253\">Telefonsz\u00e1mok:<\/strong><\/h4>\n<ul data-start=\"255\" data-end=\"318\">\n<li data-start=\"255\" data-end=\"273\">+36-20\/9-315-313 (tulajdonos, M\u00e1rkus G\u00e1bor)<\/li>\n<li data-start=\"274\" data-end=\"292\">+36-70\/4-085-476 (\u00fcgyvezet\u0151, Szkok J\u00f3zsef)<\/li>\n<li data-start=\"293\" data-end=\"318\">+36-20\/9-528-884 (iroda \/ szaml\u00e1z\u00e1s, L\u00e1szl\u00f3-Brand No\u00e9mi)<\/li>\n<\/ul>\n<h4 data-start=\"320\" data-end=\"337\"><strong data-start=\"320\" data-end=\"337\">E-mail c\u00edmek:<\/strong><\/h4>\n<ul data-start=\"339\" data-end=\"393\">\n<li data-start=\"339\" data-end=\"363\"><a rel=\"noopener\" data-start=\"341\" data-end=\"363\">inox@inoxtechnology.hu<\/a><\/li>\n<li data-start=\"364\" data-end=\"393\"><a rel=\"noopener\" data-start=\"366\" data-end=\"393\">inoxtechnologykft@gmail.com<\/a><\/li>\n<\/ul>\n<h4 data-start=\"395\" data-end=\"422\"><strong data-start=\"395\" data-end=\"422\">Iroda \u00e9s \u00fcgyf\u00e9lfogad\u00e1s:<\/strong><\/h4>\n<p data-start=\"424\" data-end=\"466\">8000 Sz\u00e9kesfeh\u00e9rv\u00e1r, R\u00e1ba utca\/K\u00f6r\u00f6si utca keresztez\u0151d\u00e9s<\/p>\n<p data-start=\"468\" data-end=\"548\">(Csomagk\u00fcld\u00e9s eset\u00e9n k\u00e9rj\u00fck, el\u0151zetesen egyeztessen az irodai telefonsz\u00e1munkon!)<\/p>\n<h4 data-start=\"395\" data-end=\"422\"><strong data-start=\"395\" data-end=\"422\">Sz\u00e1ml\u00e1z\u00e1si adatok<\/strong><strong data-start=\"395\" data-end=\"422\">:<\/strong><\/h4>\n<p>8000 Sz\u00e9kesfeh\u00e9rv\u00e1r, Kisteleki utca 76.<br \/>Banksz\u00e1mlasz\u00e1m: UniCredit Bank 10918001-00000047-86050002<\/p>\n<p>Banksz\u00e1mlasz\u00e1m: REVOLUT Bank: LT293250049493496439<\/p>\n<p><strong>Inox Technology Kft<\/strong><br \/>Ad\u00f3sz\u00e1m: 24715825-2-07<\/p>\n\t\t<\/div>\n\t\t\t\t\t<\/div>\n\n\t\n\n\t<div id=\"col-1821823380\" class=\"col medium-6 small-12 large-6\"  >\n\t\t\t\t<div class=\"col-inner\"  >\n\t\t\t\n\t\t\t\n<h4 data-start=\"550\" data-end=\"572\"><strong data-start=\"550\" data-end=\"572\">Nyitvatart\u00e1si id\u0151:<\/strong><\/h4>\n<ul data-start=\"574\" data-end=\"650\">\n<li data-start=\"574\" data-end=\"603\">H\u00e9tf\u0151\u2013Cs\u00fct\u00f6rt\u00f6k: 8:00\u201316:00<\/li>\n<li data-start=\"604\" data-end=\"624\">P\u00e9ntek: 8:00\u201315:00<\/li>\n<li data-start=\"625\" data-end=\"650\">Szombat\u2013Vas\u00e1rnap: Z\u00e1rva<\/li>\n<\/ul>\n<p data-start=\"769\" data-end=\"870\">K\u00e9rd\u00e9seivel vagy aj\u00e1nlatk\u00e9r\u00e9s\u00e9vel kapcsolatban \u00f6r\u00f6mmel \u00e1llunk rendelkez\u00e9s\u00e9re a fenti el\u00e9rhet\u0151s\u00e9geken.<\/p>\n\t\t<\/div>\n\t\t\t\t\t<\/div>\n\n\t\n<\/div>\n\t\t<\/div>\n\n\t\t\n<style>\n#section_469905062 {\n  padding-top: 20px 0px 0px 0px;\n  padding-bottom: 20px 0px 0px 0px;\n}\n<\/style>\n\t<\/section>\n\t\n\t<div id=\"gap-1410825497\" class=\"gap-element clearfix\" style=\"display:block; height:auto;\">\n\t\t\n<style>\n#gap-1410825497 {\n  padding-top: 60px;\n}\n<\/style>\n\t<\/div>\n\t\n","protected":false},"excerpt":{"rendered":"","protected":false},"author":1,"featured_media":0,"parent":0,"menu_order":0,"comment_status":"closed","ping_status":"closed","template":"page-blank.php","meta":{"footnotes":""},"class_list":["post-115","page","type-page","status-publish","hentry"],"_links":{"self":[{"href":"https:\/\/inoxtechnology.hu\/index.php\/wp-json\/wp\/v2\/pages\/115","targetHints":{"allow":["GET"]}}],"collection":[{"href":"https:\/\/inoxtechnology.hu\/index.php\/wp-json\/wp\/v2\/pages"}],"about":[{"href":"https:\/\/inoxtechnology.hu\/index.php\/wp-json\/wp\/v2\/types\/page"}],"author":[{"embeddable":true,"href":"https:\/\/inoxtechnology.hu\/index.php\/wp-json\/wp\/v2\/users\/1"}],"replies":[{"embeddable":true,"href":"https:\/\/inoxtechnology.hu\/index.php\/wp-json\/wp\/v2\/comments?post=115"}],"version-history":[{"count":8,"href":"https:\/\/inoxtechnology.hu\/index.php\/wp-json\/wp\/v2\/pages\/115\/revisions"}],"predecessor-version":[{"id":1056,"href":"https:\/\/inoxtechnology.hu\/index.php\/wp-json\/wp\/v2\/pages\/115\/revisions\/1056"}],"wp:attachment":[{"href":"https:\/\/inoxtechnology.hu\/index.php\/wp-json\/wp\/v2\/media?parent=115"}],"curies":[{"name":"wp","href":"https:\/\/api.w.org\/{rel}","templated":true}]}}