{"id":113,"date":"2024-12-12T16:08:30","date_gmt":"2024-12-12T16:08:30","guid":{"rendered":"https:\/\/pkl.cegem360.hu\/?page_id=113"},"modified":"2026-04-16T12:18:01","modified_gmt":"2026-04-16T12:18:01","slug":"rolunk","status":"publish","type":"page","link":"https:\/\/inoxtechnology.hu\/index.php\/rolunk\/","title":{"rendered":"R\u00f3lunk"},"content":{"rendered":"\n  <div class=\"banner has-hover\" id=\"banner-440010960\">\n          <div class=\"banner-inner fill\">\n        <div class=\"banner-bg fill\" >\n            <img loading=\"lazy\" decoding=\"async\" width=\"2000\" height=\"1000\" src=\"https:\/\/inoxtechnology.hu\/wp-content\/uploads\/2025\/02\/team-engineer-man-working-with-laptop-and-inspecti-2025-01-10-12-43-16-utc.webp\" class=\"bg attachment-original size-original\" alt=\"\" \/>                        <div class=\"overlay\"><\/div>            \n                    <\/div>\n\t\t\n        <div class=\"banner-layers container\">\n            <div class=\"fill banner-link\"><\/div>            \n   <div id=\"text-box-477634988\" class=\"text-box banner-layer x0 md-x0 lg-x0 y50 md-y50 lg-y50 res-text\">\n                                <div class=\"text-box-content text dark\">\n              \n              <div class=\"text-inner text-left\">\n                  \n<h2 class=\"uppercase\"><strong>R\u00f3lunk<\/strong><\/h2>\n              <\/div>\n           <\/div>\n                            \n<style>\n#text-box-477634988 {\n  width: 85%;\n}\n#text-box-477634988 .text-box-content {\n  font-size: 100%;\n}\n@media (min-width:550px) {\n  #text-box-477634988 {\n    width: 50%;\n  }\n}\n<\/style>\n    <\/div>\n \n        <\/div>\n      <\/div>\n\n            \n<style>\n#banner-440010960 {\n  padding-top: 300px;\n}\n#banner-440010960 .overlay {\n  background-color: rgba(0,0,0,.5);\n}\n#banner-440010960 .banner-bg img {\n  object-position: 86% 76%;\n}\n@media (min-width:550px) {\n  #banner-440010960 {\n    padding-top: 300px;\n  }\n}\n<\/style>\n  <\/div>\n\n\n\t<div id=\"gap-120077498\" class=\"gap-element clearfix\" style=\"display:block; height:auto;\">\n\t\t\n<style>\n#gap-120077498 {\n  padding-top: 60px;\n}\n<\/style>\n\t<\/div>\n\t\n\n\t<section class=\"section\" id=\"section_407181631\">\n\t\t<div class=\"section-bg fill\" >\n\t\t\t\t\t\t\t\t\t\n\t\t\t\n\n\t\t<\/div>\n\n\t\t\n\n\t\t<div class=\"section-content relative\">\n\t\t\t\n<div class=\"row\"  id=\"row-1211461968\">\n\n\t<div id=\"col-1235216582\" class=\"col small-12 large-12\"  >\n\t\t\t\t<div class=\"col-inner\"  >\n\t\t\t\n\t\t\t\n\t<div id=\"text-3336341497\" class=\"text\">\n\t\t\n<h1>\u00dcgyfeleink el\u00e9gedetts\u00e9ge a mi j\u00f6v\u0151nk z\u00e1loga<\/h1>\n<p>Az <strong>INOX Technology Kft.<\/strong> lakatosipari \u00e9s Ipari g\u00e9p\u00e9szeti ter\u00fcleten gy\u00e1rt\u00f3k\u00e9nt \u00e9s kivitelez\u0151k\u00e9nt van jelen a piacon. Gy\u00e1rt\u00e1sunk fokusz\u00e1ban az ac\u00e9lszerkezetek k\u00e9sz\u00edt\u00e9se \u00e9s telep\u00edt\u00e9se \u00e1ll. V\u00e1llaljuk <strong>egyedi \u00e9s nagy sz\u00e9ri\u00e1s term\u00e9kek gy\u00e1rt\u00e1s\u00e1t,<\/strong> egyar\u00e1nt. Tev\u00e9kenys\u00e9g\u00fcnk tov\u00e1bb\u00e1 kiterjed <strong>ipari cs\u0151h\u00e1l\u00f3zatok l\u00e9tes\u00edt\u00e9s\u00e9re<\/strong>, els\u0151 sorban<strong> g\u00e1zh\u00e1l\u00f3zatok tervez\u00e9se \u00e9s kivitelez\u00e9se<\/strong> tekintet\u00e9ben.<\/p>\n\t\t\n<style>\n#text-3336341497 {\n  font-size: 1.25rem;\n  text-align: center;\n}\n<\/style>\n\t<\/div>\n\t\n\t<div id=\"gap-1976977283\" class=\"gap-element clearfix\" style=\"display:block; height:auto;\">\n\t\t\n<style>\n#gap-1976977283 {\n  padding-top: 30px;\n}\n<\/style>\n\t<\/div>\n\t\n\t\t<\/div>\n\t\t\t\t\t<\/div>\n\n\t\n<\/div>\n<div class=\"row\"  id=\"row-1391599680\">\n\n\t<div id=\"col-1853199394\" class=\"col medium-6 small-12 large-6\"  >\n\t\t\t\t<div class=\"col-inner\"  >\n\t\t\t\n\t\t\t\n<h3><strong>K\u00fcldet\u00e9s\u00fcnk \u00e9s \u00c9rt\u00e9keink<\/strong><\/h3>\n<p><strong>C\u00e9lunk,<\/strong> hogy \u00fcgyfeleink sz\u00e1m\u00e1ra magas min\u0151s\u00e9g\u0171, tart\u00f3s \u00e9s megb\u00edzhat\u00f3\u00a0 term\u00e9keket \u00e9s szolg\u00e1ltat\u00e1sokat biztos\u00edtsunk, amelyek megfelelnek m\u00e9g a legszigor\u00fabb ipari k\u00f6vetelm\u00e9nyeknek.<\/p>\n<p><strong>Elk\u00f6telezettek<\/strong> vagyunk a kreativit\u00e1s, megb\u00edzhat\u00f3s\u00e1g \u00e9s tart\u00f3ss\u00e1g ir\u00e1nt, amelyek a gondolkod\u00e1sunk alapjait jelentik.\u00a0<\/p>\n<p>B\u00edzunk benne, hogy hamarosan <strong>\u00d6n\u00f6ket<\/strong> is \u00fcgyfeleink k\u00f6z\u00f6tt k\u00f6sz\u00f6nthetj\u00fck!<\/p>\n<p><strong>Szkok J\u00f3zsef<\/strong>\u00a0<\/p>\n<p><strong>\u00fcgyvezet\u0151<\/strong><\/p>\n\t<div id=\"gap-1701009402\" class=\"gap-element clearfix\" style=\"display:block; height:auto;\">\n\t\t\n<style>\n#gap-1701009402 {\n  padding-top: 30px;\n}\n<\/style>\n\t<\/div>\n\t\n\t\t<\/div>\n\t\t\t\t\t<\/div>\n\n\t\n\n\t<div id=\"col-623564080\" class=\"col medium-6 small-12 large-6\"  >\n\t\t\t\t<div class=\"col-inner\"  >\n\t\t\t\n\t\t\t\n\n  <div class=\"banner has-hover fancy-banner-right\" id=\"banner-972001298\">\n          <div class=\"banner-inner fill\">\n        <div class=\"banner-bg fill\" >\n            <img loading=\"lazy\" decoding=\"async\" width=\"2000\" height=\"1333\" src=\"https:\/\/inoxtechnology.hu\/wp-content\/uploads\/2025\/02\/shallow-focus-of-a-welder-wearing-a-protective-hel-2023-11-27-05-27-52-utc.webp\" class=\"bg attachment-original size-original\" alt=\"\" \/>                                    \n                    <\/div>\n\t\t\n        <div class=\"banner-layers container\">\n            <div class=\"fill banner-link\"><\/div>            \n   <div id=\"text-box-1300505700\" class=\"text-box banner-layer x50 md-x50 lg-x50 y50 md-y50 lg-y50 res-text\">\n                                <div class=\"text-box-content text dark\">\n              \n              <div class=\"text-inner text-center\">\n                  \n              <\/div>\n           <\/div>\n                            \n<style>\n#text-box-1300505700 {\n  width: 60%;\n}\n#text-box-1300505700 .text-box-content {\n  font-size: 100%;\n}\n@media (min-width:550px) {\n  #text-box-1300505700 {\n    width: 60%;\n  }\n}\n<\/style>\n    <\/div>\n \n        <\/div>\n      <\/div>\n\n            \n<style>\n#banner-972001298 {\n  padding-top: 340px;\n  background-color: rgb(255,255,255);\n}\n#banner-972001298 .banner-bg img {\n  object-position: 50% 50%;\n}\n<\/style>\n  <\/div>\n\n\n\t\t<\/div>\n\t\t\t\t\t<\/div>\n\n\t\n<\/div>\n\t<div id=\"gap-556003344\" class=\"gap-element clearfix\" style=\"display:block; height:auto;\">\n\t\t\n<style>\n#gap-556003344 {\n  padding-top: 30px;\n}\n<\/style>\n\t<\/div>\n\t\n<div class=\"row\"  id=\"row-354403646\">\n\n\t<div id=\"col-422487204\" class=\"col medium-6 small-12 large-6\"  >\n\t\t\t\t<div class=\"col-inner\"  >\n\t\t\t\n\t\t\t\n\n  <div class=\"banner has-hover fancy-banner-right\" id=\"banner-758536747\">\n          <div class=\"banner-inner fill\">\n        <div class=\"banner-bg fill\" >\n            <img loading=\"lazy\" decoding=\"async\" width=\"600\" height=\"307\" src=\"https:\/\/inoxtechnology.hu\/wp-content\/uploads\/2025\/02\/134508_pic_600x500.webp\" class=\"bg attachment-original size-original\" alt=\"\" \/>                                    \n                    <\/div>\n\t\t\n        <div class=\"banner-layers container\">\n            <div class=\"fill banner-link\"><\/div>            \n   <div id=\"text-box-28092106\" class=\"text-box banner-layer x50 md-x50 lg-x50 y50 md-y50 lg-y50 res-text\">\n                                <div class=\"text-box-content text dark\">\n              \n              <div class=\"text-inner text-center\">\n                  \n              <\/div>\n           <\/div>\n                            \n<style>\n#text-box-28092106 {\n  width: 60%;\n}\n#text-box-28092106 .text-box-content {\n  font-size: 100%;\n}\n@media (min-width:550px) {\n  #text-box-28092106 {\n    width: 60%;\n  }\n}\n<\/style>\n    <\/div>\n \n        <\/div>\n      <\/div>\n\n            \n<style>\n#banner-758536747 {\n  padding-top: 340px;\n  background-color: rgb(255,255,255);\n}\n#banner-758536747 .banner-bg img {\n  object-position: 61% 60%;\n}\n<\/style>\n  <\/div>\n\n\n\t\t<\/div>\n\t\t\t\t\t<\/div>\n\n\t\n\n\t<div id=\"col-830975010\" class=\"col medium-6 small-12 large-6\"  >\n\t\t\t\t<div class=\"col-inner\"  >\n\t\t\t\n\t\t\t\n<h3>Kapcsolat \u00e9s el\u00e9rhet\u0151s\u00e9gek<\/h3>\n<p data-start=\"883\" data-end=\"982\">Sz\u00e9khely\u00fcnk <strong>Sz\u00e9kesfeh\u00e9rv\u00e1ron<\/strong> tal\u00e1lhat\u00f3, ahol \u00fcgyfeleinket szem\u00e9lyesen is v\u00e1rjuk. <strong>El\u00e9rhet\u0151s\u00e9geink:\u00a0<\/strong><\/p>\n<ul data-start=\"984\" data-end=\"1157\">\n<li data-start=\"984\" data-end=\"1029\">Telefon: +36-20\/9-315-313, +36-70\/4-085-476<\/li>\n<li data-start=\"984\" data-end=\"1029\">Iroda \/ sz\u00e1ml\u00e1z\u00e1s: +36-20\/9-528-884\u00a0 Brand No\u00e9mi<\/li>\n<li data-start=\"1030\" data-end=\"1091\">E-mail: <a rel=\"noopener\" data-start=\"1040\" data-end=\"1062\">inox@inoxtechnology.hu<\/a>, <a rel=\"noopener\" data-start=\"1064\" data-end=\"1091\">inoxtechnologykft@gmail.com<\/a><\/li>\n<li data-start=\"1092\" data-end=\"1157\">Iroda \/ \u00fcgyf\u00e9lfogad\u00e1s: 8000 Sz\u00e9kesfeh\u00e9rv\u00e1r, R\u00e1ba utca\/K\u00f6r\u00f6si utca<\/li>\n<\/ul>\n<p data-start=\"1159\" data-end=\"1390\"><strong>Nyitvatart\u00e1s:<\/strong> H\u00e9tf\u0151t\u0151l cs\u00fct\u00f6rt\u00f6kig 8:00\u201316:00, p\u00e9nteken 8:00\u201315:00.<\/p>\n<p data-start=\"1159\" data-end=\"1390\">\u00a0<\/p>\n<p>\u00a0<\/p>\n\t\t<\/div>\n\t\t\t\t\t<\/div>\n\n\t\n<\/div>\n\t<div id=\"gap-1118178671\" class=\"gap-element clearfix\" style=\"display:block; height:auto;\">\n\t\t\n<style>\n#gap-1118178671 {\n  padding-top: 30px;\n}\n<\/style>\n\t<\/div>\n\t\n\t\t<\/div>\n\n\t\t\n<style>\n#section_407181631 {\n  padding-top: 20px 0px 0px 0px;\n  padding-bottom: 20px 0px 0px 0px;\n}\n<\/style>\n\t<\/section>\n\t\n","protected":false},"excerpt":{"rendered":"","protected":false},"author":1,"featured_media":0,"parent":0,"menu_order":0,"comment_status":"closed","ping_status":"closed","template":"page-blank.php","meta":{"footnotes":""},"class_list":["post-113","page","type-page","status-publish","hentry"],"_links":{"self":[{"href":"https:\/\/inoxtechnology.hu\/index.php\/wp-json\/wp\/v2\/pages\/113","targetHints":{"allow":["GET"]}}],"collection":[{"href":"https:\/\/inoxtechnology.hu\/index.php\/wp-json\/wp\/v2\/pages"}],"about":[{"href":"https:\/\/inoxtechnology.hu\/index.php\/wp-json\/wp\/v2\/types\/page"}],"author":[{"embeddable":true,"href":"https:\/\/inoxtechnology.hu\/index.php\/wp-json\/wp\/v2\/users\/1"}],"replies":[{"embeddable":true,"href":"https:\/\/inoxtechnology.hu\/index.php\/wp-json\/wp\/v2\/comments?post=113"}],"version-history":[{"count":8,"href":"https:\/\/inoxtechnology.hu\/index.php\/wp-json\/wp\/v2\/pages\/113\/revisions"}],"predecessor-version":[{"id":1055,"href":"https:\/\/inoxtechnology.hu\/index.php\/wp-json\/wp\/v2\/pages\/113\/revisions\/1055"}],"wp:attachment":[{"href":"https:\/\/inoxtechnology.hu\/index.php\/wp-json\/wp\/v2\/media?parent=113"}],"curies":[{"name":"wp","href":"https:\/\/api.w.org\/{rel}","templated":true}]}}